{"id":152,"date":"2022-10-26T07:09:16","date_gmt":"2022-10-26T07:09:16","guid":{"rendered":"https:\/\/mymetacosmetics.com\/?page_id=152"},"modified":"2022-10-31T11:39:33","modified_gmt":"2022-10-31T11:39:33","slug":"about","status":"publish","type":"page","link":"https:\/\/mymetacosmetics.com\/fr\/about\/","title":{"rendered":"\u00c0 Propos"},"content":{"rendered":"<div data-elementor-type=\"wp-page\" data-elementor-id=\"152\" class=\"elementor elementor-152\" data-elementor-post-type=\"page\">\n\t\t\t\t\t\t<section class=\"elementor-section elementor-top-section elementor-element elementor-element-74c0bbd elementor-section-full_width elementor-section-stretched elementor-section-height-default elementor-section-height-default\" data-id=\"74c0bbd\" data-element_type=\"section\" data-settings=\"{&quot;stretch_section&quot;:&quot;section-stretched&quot;}\">\n\t\t\t\t\t\t<div class=\"elementor-container elementor-column-gap-no\">\n\t\t\t\t\t<div class=\"elementor-column elementor-col-100 elementor-top-column elementor-element elementor-element-8f8b50e\" data-id=\"8f8b50e\" data-element_type=\"column\" data-settings=\"{&quot;background_background&quot;:&quot;classic&quot;}\">\n\t\t\t<div class=\"elementor-widget-wrap elementor-element-populated\">\n\t\t\t\t\t\t<div class=\"elementor-element elementor-element-14d1c7d elementor--h-position-center elementor--v-position-middle elementor-widget elementor-widget-slides\" data-id=\"14d1c7d\" data-element_type=\"widget\" data-settings=\"{&quot;transition&quot;:&quot;fade&quot;,&quot;transition_speed&quot;:100,&quot;navigation&quot;:&quot;none&quot;}\" data-widget_type=\"slides.default\">\n\t\t\t\t<div class=\"elementor-widget-container\">\n\t\t\t\t\t\t\t\t\t<div class=\"elementor-swiper\">\n\t\t\t\t\t<div class=\"elementor-slides-wrapper elementor-main-swiper swiper\" role=\"region\" aria-roledescription=\"carousel\" aria-label=\"Diapositives\" dir=\"ltr\" data-animation=\"\">\n\t\t\t\t<div class=\"swiper-wrapper elementor-slides\">\n\t\t\t\t\t\t\t\t\t\t<div class=\"elementor-repeater-item-f376538 swiper-slide\" role=\"group\" aria-roledescription=\"slide\"><div class=\"swiper-slide-bg\" role=\"img\" aria-label=\"about cover\"><\/div><div class=\"swiper-slide-inner\" ><div class=\"swiper-slide-contents\"><\/div><\/div><\/div>\t\t\t\t<\/div>\n\t\t\t\t\t\t\t<\/div>\n\t\t\t\t<\/div>\n\t\t\t\t\t\t\t\t<\/div>\n\t\t\t\t<\/div>\n\t\t\t\t\t<\/div>\n\t\t<\/div>\n\t\t\t\t\t<\/div>\n\t\t<\/section>\n\t\t\t\t<section class=\"elementor-section elementor-top-section elementor-element elementor-element-805ec84 elementor-section-content-middle elementor-section-boxed elementor-section-height-default elementor-section-height-default\" data-id=\"805ec84\" data-element_type=\"section\">\n\t\t\t\t\t\t<div class=\"elementor-container elementor-column-gap-no\">\n\t\t\t\t\t<div class=\"elementor-column elementor-col-50 elementor-top-column elementor-element elementor-element-eba71ae\" data-id=\"eba71ae\" data-element_type=\"column\">\n\t\t\t<div class=\"elementor-widget-wrap elementor-element-populated\">\n\t\t\t\t\t\t<div class=\"elementor-element elementor-element-9f7215e elementor-widget-divider--view-line elementor-widget elementor-widget-divider\" data-id=\"9f7215e\" data-element_type=\"widget\" data-widget_type=\"divider.default\">\n\t\t\t\t<div class=\"elementor-widget-container\">\n\t\t\t\t\t\t\t<div class=\"elementor-divider\">\n\t\t\t<span class=\"elementor-divider-separator\">\n\t\t\t\t\t\t<\/span>\n\t\t<\/div>\n\t\t\t\t\t\t<\/div>\n\t\t\t\t<\/div>\n\t\t\t\t<div class=\"elementor-element elementor-element-173e18c elementor-widget elementor-widget-heading\" data-id=\"173e18c\" data-element_type=\"widget\" data-widget_type=\"heading.default\">\n\t\t\t\t<div class=\"elementor-widget-container\">\n\t\t\t\t\t<h4 class=\"elementor-heading-title elementor-size-default\">L'innovation dans la beaut\u00e9<\/h4>\t\t\t\t<\/div>\n\t\t\t\t<\/div>\n\t\t\t\t\t<\/div>\n\t\t<\/div>\n\t\t\t\t<div class=\"elementor-column elementor-col-50 elementor-top-column elementor-element elementor-element-a531d65\" data-id=\"a531d65\" data-element_type=\"column\">\n\t\t\t<div class=\"elementor-widget-wrap elementor-element-populated\">\n\t\t\t\t\t\t<div class=\"elementor-element elementor-element-14e7734 elementor-widget elementor-widget-text-editor\" data-id=\"14e7734\" data-element_type=\"widget\" data-widget_type=\"text-editor.default\">\n\t\t\t\t<div class=\"elementor-widget-container\">\n\t\t\t\t\t\t\t\t\t<p class=\"translation-block\"><strong> Meta Cosmetics <\/strong> croit fermement au <strong>progr\u00e8s <\/strong> par la technology et <strong> l'innovation. <\/strong> Nous pr\u00e9sentons l'avenir de la beaut\u00e9, avec des <strong> technologie <\/strong>modernes, innovantes et <strong>\u00e0 la pointe du progr\u00e8s <\/strong> qui nous permettent d'offrir des r\u00e9sultats jamais vus et une qualit\u00e9 <strong>in\u00e9gal\u00e9e<\/strong> de nos produits cosm\u00e9tiques. Nous nous effor\u00e7ons de r\u00e9aliser des <strong>perc\u00e9es sans pr\u00e9c\u00e9dent <\/strong>dans le monde de la beaut\u00e9 en adoptant des <strong> innovations de pointes. <\/strong><\/p>\t\t\t\t\t\t\t\t<\/div>\n\t\t\t\t<\/div>\n\t\t\t\t<div class=\"elementor-element elementor-element-6468af5 elementor-widget elementor-widget-text-editor\" data-id=\"6468af5\" data-element_type=\"widget\" data-widget_type=\"text-editor.default\">\n\t\t\t\t<div class=\"elementor-widget-container\">\n\t\t\t\t\t\t\t\t\t<p class=\"translation-block\"><strong>Meta Cosmetics<\/strong> se passionne pour la <strong> beaut\u00e9 <\/strong>dans toutes ses couleurs, ses formes et ses tailles. Nous croyons au <strong> glamour gracieux <\/strong> de l\u2019humanit\u00e9, et au puits intemporel<strong> d\u2019\u00e9l\u00e9gance <\/strong> qu\u2019elle renferme. Nous aspirons \u00e0 \u00e9lever les <strong>normes universelles <\/strong> de beaut\u00e9 en aidant d\u2019autres personnes comme nous \u00e0 trouver leur charme int\u00e9rieur et \u00e0 r\u00e9aliser leur propre <strong> brillance infinie. <\/strong><\/p>\t\t\t\t\t\t\t\t<\/div>\n\t\t\t\t<\/div>\n\t\t\t\t<div class=\"elementor-element elementor-element-dab8efe elementor-widget elementor-widget-text-editor\" data-id=\"dab8efe\" data-element_type=\"widget\" data-widget_type=\"text-editor.default\">\n\t\t\t\t<div class=\"elementor-widget-container\">\n\t\t\t\t\t\t\t\t\t<p class=\"translation-block\"><strong> Meta cosmetics<\/strong>, c'est la beaut\u00e9 et l\u2019innovation ; c'est l'innovation dans la <strong> beaut\u00e9. <\/strong> Nous nous effor\u00e7ons de trouver la perfection dans le monde des cosm\u00e9tiques en trouvant l'<strong> \u00e9quilibre<\/strong> parfait entre les derni\u00e8res tendances &amp; <strong> avanc\u00e9es<\/strong> de l'industrie et le meilleur des normes actuelle de <strong> beaut\u00e9. Meta Cosmetics <\/strong>repr\u00e9sente l'avenir de la beaut\u00e9 avec des technologies innovantes \u00e0 la pointe du progr\u00e8s qui nous permettent d'offrir des r\u00e9sultats jamais vus et une qualit\u00e9 exceptionnelle de nos produits cosm\u00e9tiques.<\/p>\t\t\t\t\t\t\t\t<\/div>\n\t\t\t\t<\/div>\n\t\t\t\t\t<\/div>\n\t\t<\/div>\n\t\t\t\t\t<\/div>\n\t\t<\/section>\n\t\t\t\t<section class=\"elementor-section elementor-top-section elementor-element elementor-element-fc087c8 elementor-section-full_width elementor-section-stretched elementor-section-height-default elementor-section-height-default\" data-id=\"fc087c8\" data-element_type=\"section\" data-settings=\"{&quot;stretch_section&quot;:&quot;section-stretched&quot;}\">\n\t\t\t\t\t\t<div class=\"elementor-container elementor-column-gap-no\">\n\t\t\t\t\t<div class=\"elementor-column elementor-col-100 elementor-top-column elementor-element elementor-element-a8af136\" data-id=\"a8af136\" data-element_type=\"column\" data-settings=\"{&quot;background_background&quot;:&quot;classic&quot;}\">\n\t\t\t<div class=\"elementor-widget-wrap elementor-element-populated\">\n\t\t\t\t\t\t<div class=\"elementor-element elementor-element-eb4c837 elementor--h-position-center elementor--v-position-middle elementor-widget elementor-widget-slides\" data-id=\"eb4c837\" data-element_type=\"widget\" data-settings=\"{&quot;transition&quot;:&quot;fade&quot;,&quot;transition_speed&quot;:100,&quot;navigation&quot;:&quot;none&quot;}\" data-widget_type=\"slides.default\">\n\t\t\t\t<div class=\"elementor-widget-container\">\n\t\t\t\t\t\t\t\t\t<div class=\"elementor-swiper\">\n\t\t\t\t\t<div class=\"elementor-slides-wrapper elementor-main-swiper swiper\" role=\"region\" aria-roledescription=\"carousel\" aria-label=\"Diapositives\" dir=\"ltr\" data-animation=\"\">\n\t\t\t\t<div class=\"swiper-wrapper elementor-slides\">\n\t\t\t\t\t\t\t\t\t\t<div class=\"elementor-repeater-item-f376538 swiper-slide\" role=\"group\" aria-roledescription=\"slide\"><div class=\"swiper-slide-bg\" role=\"img\" aria-label=\"factory cover\"><\/div><div class=\"swiper-slide-inner\" ><div class=\"swiper-slide-contents\"><\/div><\/div><\/div>\t\t\t\t<\/div>\n\t\t\t\t\t\t\t<\/div>\n\t\t\t\t<\/div>\n\t\t\t\t\t\t\t\t<\/div>\n\t\t\t\t<\/div>\n\t\t\t\t\t<\/div>\n\t\t<\/div>\n\t\t\t\t\t<\/div>\n\t\t<\/section>\n\t\t\t\t<section class=\"elementor-section elementor-top-section elementor-element elementor-element-a010402 elementor-section-content-middle elementor-section-boxed elementor-section-height-default elementor-section-height-default\" data-id=\"a010402\" data-element_type=\"section\">\n\t\t\t\t\t\t<div class=\"elementor-container elementor-column-gap-no\">\n\t\t\t\t\t<div class=\"elementor-column elementor-col-50 elementor-top-column elementor-element elementor-element-95551de\" data-id=\"95551de\" data-element_type=\"column\">\n\t\t\t<div class=\"elementor-widget-wrap elementor-element-populated\">\n\t\t\t\t\t\t<div class=\"elementor-element elementor-element-4116ece elementor-widget-divider--view-line elementor-widget elementor-widget-divider\" data-id=\"4116ece\" data-element_type=\"widget\" data-widget_type=\"divider.default\">\n\t\t\t\t<div class=\"elementor-widget-container\">\n\t\t\t\t\t\t\t<div class=\"elementor-divider\">\n\t\t\t<span class=\"elementor-divider-separator\">\n\t\t\t\t\t\t<\/span>\n\t\t<\/div>\n\t\t\t\t\t\t<\/div>\n\t\t\t\t<\/div>\n\t\t\t\t<div class=\"elementor-element elementor-element-955c028 elementor-widget elementor-widget-heading\" data-id=\"955c028\" data-element_type=\"widget\" data-widget_type=\"heading.default\">\n\t\t\t\t<div class=\"elementor-widget-container\">\n\t\t\t\t\t<h4 class=\"elementor-heading-title elementor-size-default\">L'USINE<\/h4>\t\t\t\t<\/div>\n\t\t\t\t<\/div>\n\t\t\t\t\t<\/div>\n\t\t<\/div>\n\t\t\t\t<div class=\"elementor-column elementor-col-50 elementor-top-column elementor-element elementor-element-97d02c8\" data-id=\"97d02c8\" data-element_type=\"column\">\n\t\t\t<div class=\"elementor-widget-wrap elementor-element-populated\">\n\t\t\t\t\t\t<div class=\"elementor-element elementor-element-0b5c821 elementor-widget elementor-widget-text-editor\" data-id=\"0b5c821\" data-element_type=\"widget\" data-widget_type=\"text-editor.default\">\n\t\t\t\t<div class=\"elementor-widget-container\">\n\t\t\t\t\t\t\t\t\t<p class=\"translation-block\"><strong>Meta Cosmetics<\/strong> utilise une technologie de pointe adapt\u00e9e aux normes internationales, offrant un niveau de qualit\u00e9 des produits qui d\u00e9passe toutes attentes et surpasse de loin ses concurrents sur le march\u00e9 Africain. Nos produits sont le r\u00e9sultat de recherches approfondies combin\u00e9 \u00e0 des machines technologiquement impressionnantes et hautement raffin\u00e9es. \u00c9tant donn\u00e9 que notre usine le centre de nos cr\u00e9ations, nous veillons \u00e0 ce qu\u2019elle reste \u00e0 jour et \u00e0 ce qu\u2019elle soit \u00e0 la hauteur de ce qui se fait de mieux dans l\u2019industrie. Elle est le centre de notre avancement, pr\u00eate \u00e0 fournir des produits cosm\u00e9tiques puissants dont nous sommes fiers.<\/p>\t\t\t\t\t\t\t\t<\/div>\n\t\t\t\t<\/div>\n\t\t\t\t\t<\/div>\n\t\t<\/div>\n\t\t\t\t\t<\/div>\n\t\t<\/section>\n\t\t\t\t<section class=\"elementor-section elementor-top-section elementor-element elementor-element-65d8b8e elementor-section-content-middle elementor-section-boxed elementor-section-height-default elementor-section-height-default\" data-id=\"65d8b8e\" data-element_type=\"section\">\n\t\t\t\t\t\t<div class=\"elementor-container elementor-column-gap-no\">\n\t\t\t\t\t<div class=\"elementor-column elementor-col-50 elementor-top-column elementor-element elementor-element-ad18146\" data-id=\"ad18146\" data-element_type=\"column\">\n\t\t\t<div class=\"elementor-widget-wrap elementor-element-populated\">\n\t\t\t\t\t\t<div class=\"elementor-element elementor-element-7c11936 elementor-widget-divider--view-line elementor-widget elementor-widget-divider\" data-id=\"7c11936\" data-element_type=\"widget\" data-widget_type=\"divider.default\">\n\t\t\t\t<div class=\"elementor-widget-container\">\n\t\t\t\t\t\t\t<div class=\"elementor-divider\">\n\t\t\t<span class=\"elementor-divider-separator\">\n\t\t\t\t\t\t<\/span>\n\t\t<\/div>\n\t\t\t\t\t\t<\/div>\n\t\t\t\t<\/div>\n\t\t\t\t<div class=\"elementor-element elementor-element-62c60f6 elementor-widget elementor-widget-heading\" data-id=\"62c60f6\" data-element_type=\"widget\" data-widget_type=\"heading.default\">\n\t\t\t\t<div class=\"elementor-widget-container\">\n\t\t\t\t\t<h4 class=\"elementor-heading-title elementor-size-default\">NOTRE R\u00c9SEAU<\/h4>\t\t\t\t<\/div>\n\t\t\t\t<\/div>\n\t\t\t\t\t<\/div>\n\t\t<\/div>\n\t\t\t\t<div class=\"elementor-column elementor-col-50 elementor-top-column elementor-element elementor-element-56cfb69\" data-id=\"56cfb69\" data-element_type=\"column\">\n\t\t\t<div class=\"elementor-widget-wrap elementor-element-populated\">\n\t\t\t\t\t\t<div class=\"elementor-element elementor-element-fe81e99 elementor-widget elementor-widget-text-editor\" data-id=\"fe81e99\" data-element_type=\"widget\" data-widget_type=\"text-editor.default\">\n\t\t\t\t<div class=\"elementor-widget-container\">\n\t\t\t\t\t\t\t\t\t<p class=\"translation-block\"><strong>Meta Cosmetics<\/strong> s'\u00e9tend sur toute l\u2019Afrique de l\u2019Ouest et l\u2019Afrique centrale, gr\u00e2ce \u00e0 un r\u00e9seau de distributeurs exclusifs dans chacun de ses pays. Notre large pr\u00e9sence nous permet de suivre en permanence les derni\u00e8res tendances du march\u00e9 Africain, tandis que notre prot\u00e9e et notre r\u00e9seau \u00e9tendu nous permettent de les concr\u00e9tiser rapidement.  Chez <strong>Meta Cosmetics<\/strong>, nos ambitions sont sans limites et nous visons \u00e0 nous d\u00e9velopper jusqu\u2019\u00e0 ce que nous les satisfassions.<\/p>\t\t\t\t\t\t\t\t<\/div>\n\t\t\t\t<\/div>\n\t\t\t\t\t<\/div>\n\t\t<\/div>\n\t\t\t\t\t<\/div>\n\t\t<\/section>\n\t\t\t\t<\/div>","protected":false},"excerpt":{"rendered":"<p>Innovation in Beauty Meta Cosmetics\u00a0firmly believes in\u00a0advancement\u00a0through technology and\u00a0innovation. We represent the future of beauty, with modern, innovative,\u00a0state-of-the-art technologies\u00a0that allow us to deliver never-before-seen results and an\u00a0unrivaled\u00a0quality in our cosmetic products. We strive to achieve\u00a0unprecedented breakthroughs\u00a0in the world of beauty by embracing\u00a0cutting-edge innovations. Meta Cosmetics is passionate about beauty in all its colors, shapes, and [&hellip;]<\/p>","protected":false},"author":4,"featured_media":0,"parent":0,"menu_order":0,"comment_status":"closed","ping_status":"closed","template":"","meta":{"footnotes":""},"class_list":["post-152","page","type-page","status-publish","hentry"],"_links":{"self":[{"href":"https:\/\/mymetacosmetics.com\/fr\/wp-json\/wp\/v2\/pages\/152","targetHints":{"allow":["GET"]}}],"collection":[{"href":"https:\/\/mymetacosmetics.com\/fr\/wp-json\/wp\/v2\/pages"}],"about":[{"href":"https:\/\/mymetacosmetics.com\/fr\/wp-json\/wp\/v2\/types\/page"}],"author":[{"embeddable":true,"href":"https:\/\/mymetacosmetics.com\/fr\/wp-json\/wp\/v2\/users\/4"}],"replies":[{"embeddable":true,"href":"https:\/\/mymetacosmetics.com\/fr\/wp-json\/wp\/v2\/comments?post=152"}],"version-history":[{"count":40,"href":"https:\/\/mymetacosmetics.com\/fr\/wp-json\/wp\/v2\/pages\/152\/revisions"}],"predecessor-version":[{"id":491,"href":"https:\/\/mymetacosmetics.com\/fr\/wp-json\/wp\/v2\/pages\/152\/revisions\/491"}],"wp:attachment":[{"href":"https:\/\/mymetacosmetics.com\/fr\/wp-json\/wp\/v2\/media?parent=152"}],"curies":[{"name":"wp","href":"https:\/\/api.w.org\/{rel}","templated":true}]}}