{"id":352,"date":"2022-10-28T16:42:13","date_gmt":"2022-10-28T16:42:13","guid":{"rendered":"https:\/\/mymetacosmetics.com\/?page_id=352"},"modified":"2024-02-06T10:45:13","modified_gmt":"2024-02-06T10:45:13","slug":"meta-home","status":"publish","type":"page","link":"https:\/\/mymetacosmetics.com\/fr\/","title":{"rendered":"Meta Home"},"content":{"rendered":"<div data-elementor-type=\"wp-page\" data-elementor-id=\"352\" class=\"elementor elementor-352\" data-elementor-post-type=\"page\">\n\t\t\t\t\t\t<section class=\"elementor-section elementor-top-section elementor-element elementor-element-1032d9c elementor-section-full_width elementor-section-stretched elementor-hidden-mobile elementor-section-height-default elementor-section-height-default\" data-id=\"1032d9c\" data-element_type=\"section\" data-settings=\"{&quot;stretch_section&quot;:&quot;section-stretched&quot;}\">\n\t\t\t\t\t\t<div class=\"elementor-container elementor-column-gap-no\">\n\t\t\t\t\t<div class=\"elementor-column elementor-col-100 elementor-top-column elementor-element elementor-element-efc62d4\" data-id=\"efc62d4\" data-element_type=\"column\" data-settings=\"{&quot;background_background&quot;:&quot;classic&quot;}\">\n\t\t\t<div class=\"elementor-widget-wrap elementor-element-populated\">\n\t\t\t\t\t\t<div class=\"elementor-element elementor-element-f578bc0 elementor--h-position-center elementor--v-position-middle elementor-pagination-position-inside elementor-widget elementor-widget-slides\" data-id=\"f578bc0\" data-element_type=\"widget\" data-settings=\"{&quot;autoplay_speed&quot;:7000,&quot;transition&quot;:&quot;fade&quot;,&quot;transition_speed&quot;:1000,&quot;navigation&quot;:&quot;dots&quot;,&quot;autoplay&quot;:&quot;yes&quot;,&quot;infinite&quot;:&quot;yes&quot;}\" data-widget_type=\"slides.default\">\n\t\t\t\t<div class=\"elementor-widget-container\">\n\t\t\t\t\t\t\t\t\t<div class=\"elementor-swiper\">\n\t\t\t\t\t<div class=\"elementor-slides-wrapper elementor-main-swiper swiper\" role=\"region\" aria-roledescription=\"carousel\" aria-label=\"Slides\" dir=\"ltr\" data-animation=\"\">\n\t\t\t\t<div class=\"swiper-wrapper elementor-slides\">\n\t\t\t\t\t\t\t\t\t\t<div class=\"elementor-repeater-item-f376538 swiper-slide\" role=\"group\" aria-roledescription=\"slide\"><div class=\"swiper-slide-bg\" role=\"img\" aria-label=\"white-target-family-2Artboard-2\"><\/div><div class=\"swiper-slide-inner\" ><div class=\"swiper-slide-contents\"><\/div><\/div><\/div><div class=\"elementor-repeater-item-6abca2f swiper-slide\" role=\"group\" aria-roledescription=\"slide\"><div class=\"swiper-slide-bg\" role=\"img\" aria-label=\"tomatone-family\"><\/div><div class=\"swiper-slide-inner\" ><div class=\"swiper-slide-contents\"><\/div><\/div><\/div><div class=\"elementor-repeater-item-84c36bc swiper-slide\" role=\"group\" aria-roledescription=\"slide\"><div class=\"swiper-slide-bg\" role=\"img\" aria-label=\"yellowtone-family\"><\/div><div class=\"swiper-slide-inner\" ><div class=\"swiper-slide-contents\"><\/div><\/div><\/div>\t\t\t\t<\/div>\n\t\t\t\t\t\t\t\t\t\t\t\t\t\t\t\t\t\t\t\t<div class=\"swiper-pagination\"><\/div>\n\t\t\t\t\t\t\t\t\t\t\t\t<\/div>\n\t\t\t\t<\/div>\n\t\t\t\t\t\t\t\t<\/div>\n\t\t\t\t<\/div>\n\t\t\t\t\t<\/div>\n\t\t<\/div>\n\t\t\t\t\t<\/div>\n\t\t<\/section>\n\t\t\t\t<section class=\"elementor-section elementor-top-section elementor-element elementor-element-106651c elementor-section-full_width elementor-section-stretched elementor-hidden-desktop elementor-hidden-tablet_extra elementor-hidden-tablet elementor-section-height-default elementor-section-height-default\" data-id=\"106651c\" data-element_type=\"section\" data-settings=\"{&quot;stretch_section&quot;:&quot;section-stretched&quot;}\">\n\t\t\t\t\t\t<div class=\"elementor-container elementor-column-gap-no\">\n\t\t\t\t\t<div class=\"elementor-column elementor-col-100 elementor-top-column elementor-element elementor-element-bac2ebe\" data-id=\"bac2ebe\" data-element_type=\"column\" data-settings=\"{&quot;background_background&quot;:&quot;classic&quot;}\">\n\t\t\t<div class=\"elementor-widget-wrap elementor-element-populated\">\n\t\t\t\t\t\t<div class=\"elementor-element elementor-element-b3b8663 elementor--h-position-center elementor--v-position-middle elementor-pagination-position-inside elementor-widget elementor-widget-slides\" data-id=\"b3b8663\" data-element_type=\"widget\" data-settings=\"{&quot;autoplay_speed&quot;:7000,&quot;transition&quot;:&quot;fade&quot;,&quot;transition_speed&quot;:1000,&quot;navigation&quot;:&quot;dots&quot;,&quot;autoplay&quot;:&quot;yes&quot;,&quot;infinite&quot;:&quot;yes&quot;}\" data-widget_type=\"slides.default\">\n\t\t\t\t<div class=\"elementor-widget-container\">\n\t\t\t\t\t\t\t\t\t<div class=\"elementor-swiper\">\n\t\t\t\t\t<div class=\"elementor-slides-wrapper elementor-main-swiper swiper\" role=\"region\" aria-roledescription=\"carousel\" aria-label=\"Slides\" dir=\"ltr\" data-animation=\"\">\n\t\t\t\t<div class=\"swiper-wrapper elementor-slides\">\n\t\t\t\t\t\t\t\t\t\t<div class=\"elementor-repeater-item-f376538 swiper-slide\" role=\"group\" aria-roledescription=\"slide\"><div class=\"swiper-slide-bg\" role=\"img\" aria-label=\"white-target-mobile\"><\/div><div class=\"swiper-slide-inner\" ><div class=\"swiper-slide-contents\"><\/div><\/div><\/div><div class=\"elementor-repeater-item-53b6d6a swiper-slide\" role=\"group\" aria-roledescription=\"slide\"><div class=\"swiper-slide-bg\" role=\"img\" aria-label=\"tomatone-mobile\"><\/div><div class=\"swiper-slide-inner\" ><div class=\"swiper-slide-contents\"><\/div><\/div><\/div><div class=\"elementor-repeater-item-5a33b5a swiper-slide\" role=\"group\" aria-roledescription=\"slide\"><div class=\"swiper-slide-bg\" role=\"img\" aria-label=\"yellow-tone-mobile\"><\/div><div class=\"swiper-slide-inner\" ><div class=\"swiper-slide-contents\"><\/div><\/div><\/div>\t\t\t\t<\/div>\n\t\t\t\t\t\t\t\t\t\t\t\t\t\t\t\t\t\t\t\t<div class=\"swiper-pagination\"><\/div>\n\t\t\t\t\t\t\t\t\t\t\t\t<\/div>\n\t\t\t\t<\/div>\n\t\t\t\t\t\t\t\t<\/div>\n\t\t\t\t<\/div>\n\t\t\t\t\t<\/div>\n\t\t<\/div>\n\t\t\t\t\t<\/div>\n\t\t<\/section>\n\t\t\t\t<section class=\"elementor-section elementor-top-section elementor-element elementor-element-48e2438c elementor-section-content-middle elementor-section-boxed elementor-section-height-default elementor-section-height-default\" data-id=\"48e2438c\" data-element_type=\"section\">\n\t\t\t\t\t\t<div class=\"elementor-container elementor-column-gap-no\">\n\t\t\t\t\t<div class=\"elementor-column elementor-col-50 elementor-top-column elementor-element elementor-element-5b0dd929\" data-id=\"5b0dd929\" data-element_type=\"column\">\n\t\t\t<div class=\"elementor-widget-wrap elementor-element-populated\">\n\t\t\t\t\t\t<div class=\"elementor-element elementor-element-33562e6a elementor-widget-divider--view-line elementor-widget elementor-widget-divider\" data-id=\"33562e6a\" data-element_type=\"widget\" data-widget_type=\"divider.default\">\n\t\t\t\t<div class=\"elementor-widget-container\">\n\t\t\t\t\t\t\t<div class=\"elementor-divider\">\n\t\t\t<span class=\"elementor-divider-separator\">\n\t\t\t\t\t\t<\/span>\n\t\t<\/div>\n\t\t\t\t\t\t<\/div>\n\t\t\t\t<\/div>\n\t\t\t\t<div class=\"elementor-element elementor-element-754ca4ad elementor-widget elementor-widget-heading\" data-id=\"754ca4ad\" data-element_type=\"widget\" data-widget_type=\"heading.default\">\n\t\t\t\t<div class=\"elementor-widget-container\">\n\t\t\t\t\t<h4 class=\"elementor-heading-title elementor-size-default\">\u00c0 Propos<\/h4>\t\t\t\t<\/div>\n\t\t\t\t<\/div>\n\t\t\t\t\t<\/div>\n\t\t<\/div>\n\t\t\t\t<div class=\"elementor-column elementor-col-50 elementor-top-column elementor-element elementor-element-4be556b6\" data-id=\"4be556b6\" data-element_type=\"column\">\n\t\t\t<div class=\"elementor-widget-wrap elementor-element-populated\">\n\t\t\t\t\t\t<div class=\"elementor-element elementor-element-79c9361f elementor-widget elementor-widget-text-editor\" data-id=\"79c9361f\" data-element_type=\"widget\" data-widget_type=\"text-editor.default\">\n\t\t\t\t<div class=\"elementor-widget-container\">\n\t\t\t\t\t\t\t\t\t<p><strong><strong>Meta Cosmetics, <\/strong><\/strong> c'est la beaut\u00e9 et l'innovation; c'est <strong>l'innovation dans la <strong> beaut\u00e9. <\/strong><\/strong>Nous nous effor\u00e7ons de trouver la perfection dans le monde des cosm\u00e9tiques en trouvant <strong><strong> l'\u00e9quilibre<\/strong> parfait<\/strong> entre les derni\u00e8res tendances &amp; <strong><strong> avanc\u00e9es<\/strong><\/strong> de l'industrie et le meilleur des normes actuelle de <strong><strong> beaut\u00e9 <\/strong><\/strong>Accueillez l'avenir avec <strong><strong>Meta Cosmetics, <\/strong><\/strong>car nous utilisons nos technologies modernes et innovantes pour <strong><strong> \u00e9lever <\/strong> <\/strong>le monde de la <strong><strong> beaut\u00e9 <\/strong><\/strong> vers de nouveaux sommets.<\/p>\t\t\t\t\t\t\t\t<\/div>\n\t\t\t\t<\/div>\n\t\t\t\t<div class=\"elementor-element elementor-element-82ee89f elementor-align-right elementor-widget elementor-widget-button\" data-id=\"82ee89f\" data-element_type=\"widget\" data-widget_type=\"button.default\">\n\t\t\t\t<div class=\"elementor-widget-container\">\n\t\t\t\t\t\t\t\t\t<div class=\"elementor-button-wrapper\">\n\t\t\t\t\t<a class=\"elementor-button elementor-button-link elementor-size-sm\" href=\"https:\/\/mymetacosmetics.com\/fr\/about\/\">\n\t\t\t\t\t\t<span class=\"elementor-button-content-wrapper\">\n\t\t\t\t\t\t\t\t\t<span class=\"elementor-button-text\">Voir Plus...<\/span>\n\t\t\t\t\t<\/span>\n\t\t\t\t\t<\/a>\n\t\t\t\t<\/div>\n\t\t\t\t\t\t\t\t<\/div>\n\t\t\t\t<\/div>\n\t\t\t\t\t<\/div>\n\t\t<\/div>\n\t\t\t\t\t<\/div>\n\t\t<\/section>\n\t\t\t\t<section class=\"elementor-section elementor-top-section elementor-element elementor-element-d680daa elementor-section-content-middle elementor-section-boxed elementor-section-height-default elementor-section-height-default\" data-id=\"d680daa\" data-element_type=\"section\">\n\t\t\t\t\t\t<div class=\"elementor-container elementor-column-gap-no\">\n\t\t\t\t\t<div class=\"elementor-column elementor-col-50 elementor-top-column elementor-element elementor-element-cc48cc5\" data-id=\"cc48cc5\" data-element_type=\"column\">\n\t\t\t<div class=\"elementor-widget-wrap elementor-element-populated\">\n\t\t\t\t\t\t<div class=\"elementor-element elementor-element-c8a8e3a elementor-widget-divider--view-line elementor-widget elementor-widget-divider\" data-id=\"c8a8e3a\" data-element_type=\"widget\" data-widget_type=\"divider.default\">\n\t\t\t\t<div class=\"elementor-widget-container\">\n\t\t\t\t\t\t\t<div class=\"elementor-divider\">\n\t\t\t<span class=\"elementor-divider-separator\">\n\t\t\t\t\t\t<\/span>\n\t\t<\/div>\n\t\t\t\t\t\t<\/div>\n\t\t\t\t<\/div>\n\t\t\t\t<div class=\"elementor-element elementor-element-e96ed1d elementor-widget elementor-widget-heading\" data-id=\"e96ed1d\" data-element_type=\"widget\" data-widget_type=\"heading.default\">\n\t\t\t\t<div class=\"elementor-widget-container\">\n\t\t\t\t\t<h4 class=\"elementor-heading-title elementor-size-default\">NOS MARQUES<\/h4>\t\t\t\t<\/div>\n\t\t\t\t<\/div>\n\t\t\t\t\t<\/div>\n\t\t<\/div>\n\t\t\t\t<div class=\"elementor-column elementor-col-50 elementor-top-column elementor-element elementor-element-8d50155\" data-id=\"8d50155\" data-element_type=\"column\">\n\t\t\t<div class=\"elementor-widget-wrap elementor-element-populated\">\n\t\t\t\t\t\t<div class=\"elementor-element elementor-element-3ff94e4 elementor-widget elementor-widget-jet-woo-categories\" data-id=\"3ff94e4\" data-element_type=\"widget\" data-settings=\"{&quot;columns&quot;:&quot;2&quot;,&quot;slides_to_scroll_mobile&quot;:&quot;1&quot;,&quot;columns_tablet&quot;:2,&quot;columns_mobile&quot;:1,&quot;slides_to_scroll&quot;:&quot;1&quot;,&quot;space_between_slides&quot;:10}\" data-widget_type=\"jet-woo-categories.default\">\n\t\t\t\t<div class=\"elementor-widget-container\">\n\t\t\t\t\t<div class=\"elementor-jet-woo-categories jet-woo-builder\"><div class=\"jet-woo-carousel horizontal swiper\" data-slider_options=\"{&quot;direction&quot;:&quot;horizontal&quot;,&quot;slidesPerGroup&quot;:1,&quot;simulateTouch&quot;:true,&quot;loop&quot;:true,&quot;freeMode&quot;:false,&quot;centeredSlides&quot;:false,&quot;speed&quot;:500,&quot;paginationEnable&quot;:true,&quot;navigationEnable&quot;:false,&quot;dynamicBullets&quot;:false,&quot;autoplay&quot;:{&quot;delay&quot;:5000,&quot;disableOnInteraction&quot;:true}}\" dir=\"ltr\"> <div class=\"jet-woo-categories jet-woo-categories--preset-3 swiper-wrapper\" data-mobile-hover=\"\">\n<div class=\"jet-woo-categories__item swiper-slide\">\n\t<div class=\"jet-woo-categories__inner-box\"  >\n\t\t\n<div class=\"jet-woo-category-thumbnail\">\n\t<a href=\"https:\/\/mymetacosmetics.com\/fr\/categorie-produit\/tomatone\/\" target=\"&quot;_blank&quot;\" rel=\"bookmark\">\n\t\t<img fetchpriority=\"high\" decoding=\"async\" width=\"512\" height=\"512\" src=\"https:\/\/mymetacosmetics.com\/wp-content\/uploads\/2023\/06\/tomatone.jpg\" class=\"attachment-full size-full\" alt=\"\" \/>\t<\/a>\n\t<div class=\"jet-woo-category-img-overlay\"><\/div>\n\t<div class=\"jet-woo-category-img-overlay__hover\"><\/div>\n<\/div>\n<div class=\"jet-woo-categories-content\">\n\t<div class=\"jet-woo-categories-title__wrap\">\n\t\t\t<\/div>\n\n\t<\/div>\t<\/div>\n\n\t<\/div>\n<div class=\"jet-woo-categories__item swiper-slide\">\n\t<div class=\"jet-woo-categories__inner-box\"  >\n\t\t\n<div class=\"jet-woo-category-thumbnail\">\n\t<a href=\"https:\/\/mymetacosmetics.com\/fr\/categorie-produit\/white-target\/\" target=\"&quot;_blank&quot;\" rel=\"bookmark\">\n\t\t<img decoding=\"async\" width=\"512\" height=\"512\" src=\"https:\/\/mymetacosmetics.com\/wp-content\/uploads\/2023\/06\/white-target-orange.jpg\" class=\"attachment-full size-full\" alt=\"\" \/>\t<\/a>\n\t<div class=\"jet-woo-category-img-overlay\"><\/div>\n\t<div class=\"jet-woo-category-img-overlay__hover\"><\/div>\n<\/div>\n<div class=\"jet-woo-categories-content\">\n\t<div class=\"jet-woo-categories-title__wrap\">\n\t\t\t<\/div>\n\n\t<\/div>\t<\/div>\n\n\t<\/div>\n<div class=\"jet-woo-categories__item swiper-slide\">\n\t<div class=\"jet-woo-categories__inner-box\"  >\n\t\t\n<div class=\"jet-woo-category-thumbnail\">\n\t<a href=\"https:\/\/mymetacosmetics.com\/fr\/categorie-produit\/yellowtone\/\" target=\"&quot;_blank&quot;\" rel=\"bookmark\">\n\t\t<img decoding=\"async\" width=\"512\" height=\"512\" src=\"https:\/\/mymetacosmetics.com\/wp-content\/uploads\/2023\/06\/yello-tone-1.jpg\" class=\"attachment-full size-full\" alt=\"\" \/>\t<\/a>\n\t<div class=\"jet-woo-category-img-overlay\"><\/div>\n\t<div class=\"jet-woo-category-img-overlay__hover\"><\/div>\n<\/div>\n<div class=\"jet-woo-categories-content\">\n\t<div class=\"jet-woo-categories-title__wrap\">\n\t\t\t<\/div>\n\n\t<\/div>\t<\/div>\n\n\t<\/div><\/div>\n <div class=\"swiper-pagination\"><\/div>   <\/div><\/div>\t\t\t\t<\/div>\n\t\t\t\t<\/div>\n\t\t\t\t\t<\/div>\n\t\t<\/div>\n\t\t\t\t\t<\/div>\n\t\t<\/section>\n\t\t\t\t<section class=\"elementor-section elementor-top-section elementor-element elementor-element-2c03a40 elementor-section-full_width elementor-section-height-default elementor-section-height-default\" data-id=\"2c03a40\" data-element_type=\"section\">\n\t\t\t\t\t\t<div class=\"elementor-container elementor-column-gap-no\">\n\t\t\t\t\t<div class=\"elementor-column elementor-col-100 elementor-top-column elementor-element elementor-element-1f69dd6\" data-id=\"1f69dd6\" data-element_type=\"column\">\n\t\t\t<div class=\"elementor-widget-wrap elementor-element-populated\">\n\t\t\t\t\t\t<section class=\"elementor-section elementor-inner-section elementor-element elementor-element-4afc3de elementor-section-full_width elementor-section-height-default elementor-section-height-default\" data-id=\"4afc3de\" data-element_type=\"section\" data-settings=\"{&quot;background_background&quot;:&quot;classic&quot;}\">\n\t\t\t\t\t\t\t<div class=\"elementor-background-overlay\"><\/div>\n\t\t\t\t\t\t\t<div class=\"elementor-container elementor-column-gap-default\">\n\t\t\t\t\t<div class=\"elementor-column elementor-col-50 elementor-inner-column elementor-element elementor-element-10251e6\" data-id=\"10251e6\" data-element_type=\"column\">\n\t\t\t<div class=\"elementor-widget-wrap elementor-element-populated\">\n\t\t\t\t\t\t<div class=\"elementor-element elementor-element-1eeec304 elementor-align-left elementor-widget elementor-widget-lottie\" data-id=\"1eeec304\" data-element_type=\"widget\" data-settings=\"{&quot;source_json&quot;:{&quot;url&quot;:&quot;https:\\\/\\\/mymetacosmetics.com\\\/wp-content\\\/uploads\\\/2022\\\/10\\\/47387-create-flower.json&quot;,&quot;id&quot;:130,&quot;size&quot;:&quot;&quot;,&quot;alt&quot;:&quot;&quot;,&quot;source&quot;:&quot;library&quot;},&quot;trigger&quot;:&quot;bind_to_scroll&quot;,&quot;viewport&quot;:{&quot;unit&quot;:&quot;%&quot;,&quot;size&quot;:&quot;&quot;,&quot;sizes&quot;:{&quot;start&quot;:0,&quot;end&quot;:40}},&quot;source&quot;:&quot;media_file&quot;,&quot;caption_source&quot;:&quot;none&quot;,&quot;link_to&quot;:&quot;none&quot;,&quot;effects_relative_to&quot;:&quot;viewport&quot;,&quot;start_point&quot;:{&quot;unit&quot;:&quot;%&quot;,&quot;size&quot;:0,&quot;sizes&quot;:[]},&quot;end_point&quot;:{&quot;unit&quot;:&quot;%&quot;,&quot;size&quot;:100,&quot;sizes&quot;:[]},&quot;renderer&quot;:&quot;svg&quot;}\" data-widget_type=\"lottie.default\">\n\t\t\t\t<div class=\"elementor-widget-container\">\n\t\t\t\t\t<div class=\"e-lottie__container\"><div class=\"e-lottie__animation\"><\/div><\/div>\t\t\t\t<\/div>\n\t\t\t\t<\/div>\n\t\t\t\t\t<\/div>\n\t\t<\/div>\n\t\t\t\t<div class=\"elementor-column elementor-col-50 elementor-inner-column elementor-element elementor-element-375ec92\" data-id=\"375ec92\" data-element_type=\"column\">\n\t\t\t<div class=\"elementor-widget-wrap elementor-element-populated\">\n\t\t\t\t\t\t<div class=\"elementor-element elementor-element-b494214 elementor-widget elementor-widget-heading\" data-id=\"b494214\" data-element_type=\"widget\" data-settings=\"{&quot;motion_fx_motion_fx_scrolling&quot;:&quot;yes&quot;,&quot;motion_fx_opacity_effect&quot;:&quot;yes&quot;,&quot;motion_fx_opacity_range&quot;:{&quot;unit&quot;:&quot;%&quot;,&quot;size&quot;:&quot;&quot;,&quot;sizes&quot;:{&quot;start&quot;:0,&quot;end&quot;:40}},&quot;motion_fx_opacity_direction&quot;:&quot;out-in&quot;,&quot;motion_fx_opacity_level&quot;:{&quot;unit&quot;:&quot;px&quot;,&quot;size&quot;:10,&quot;sizes&quot;:[]},&quot;motion_fx_devices&quot;:[&quot;desktop&quot;,&quot;tablet_extra&quot;,&quot;tablet&quot;,&quot;mobile&quot;]}\" data-widget_type=\"heading.default\">\n\t\t\t\t<div class=\"elementor-widget-container\">\n\t\t\t\t\t<h1 class=\"elementor-heading-title elementor-size-default\">TOUJOURS INNOVANT<\/h1>\t\t\t\t<\/div>\n\t\t\t\t<\/div>\n\t\t\t\t<div class=\"elementor-element elementor-element-3a85878b elementor-widget elementor-widget-text-editor\" data-id=\"3a85878b\" data-element_type=\"widget\" data-settings=\"{&quot;motion_fx_motion_fx_scrolling&quot;:&quot;yes&quot;,&quot;motion_fx_opacity_effect&quot;:&quot;yes&quot;,&quot;motion_fx_opacity_range&quot;:{&quot;unit&quot;:&quot;%&quot;,&quot;size&quot;:&quot;&quot;,&quot;sizes&quot;:{&quot;start&quot;:0,&quot;end&quot;:38}},&quot;motion_fx_opacity_direction&quot;:&quot;out-in&quot;,&quot;motion_fx_opacity_level&quot;:{&quot;unit&quot;:&quot;px&quot;,&quot;size&quot;:10,&quot;sizes&quot;:[]},&quot;motion_fx_devices&quot;:[&quot;desktop&quot;,&quot;tablet_extra&quot;,&quot;tablet&quot;,&quot;mobile&quot;]}\" data-widget_type=\"text-editor.default\">\n\t\t\t\t<div class=\"elementor-widget-container\">\n\t\t\t\t\t\t\t\t\t<p>Chez Meta Cosmetics, nous nous consacrons \u00e0 la poursuite sans fin du progr\u00e8s. Nous sommes toujours en train de moderniser, d'am\u00e9liorer et d'innover. Nous pr\u00e9sentons l'avenir de la beaut\u00e9, avec des technologie modernes, innovantes et \u00e0 la pointe du progr\u00e8s qui nous permettent d'offrir  des r\u00e9sultats jamais vus et une qualit\u00e9 in\u00e9gal\u00e9e de nos produits cosm\u00e9tiques. Nous nous effor\u00e7ons de r\u00e9aliser des perc\u00e9es sans pr\u00e9c\u00e9dent dans le monde de la beaut\u00e9 en adoptant des innovations de pointes. Ce n'est que le d\u00e9but d'un long voyage qui, nous esp\u00e9rons, aura un impact consid\u00e9rable.\u00a0<\/p>\t\t\t\t\t\t\t\t<\/div>\n\t\t\t\t<\/div>\n\t\t\t\t\t<\/div>\n\t\t<\/div>\n\t\t\t\t\t<\/div>\n\t\t<\/section>\n\t\t\t\t\t<\/div>\n\t\t<\/div>\n\t\t\t\t\t<\/div>\n\t\t<\/section>\n\t\t\t\t<\/div>","protected":false},"excerpt":{"rendered":"<p>About Meta Cosmetics is beauty and innovation combined; it is innovation in beauty. We strive to find perfection in the world of cosmetics by striking the perfect balance between the latest trends &amp; advancements in the industry and the best of the current standards for beauty. Embrace the future with Meta Cosmetics, as we use [&hellip;]<\/p>","protected":false},"author":4,"featured_media":0,"parent":0,"menu_order":0,"comment_status":"closed","ping_status":"closed","template":"elementor_header_footer","meta":{"footnotes":""},"class_list":["post-352","page","type-page","status-publish","hentry"],"_links":{"self":[{"href":"https:\/\/mymetacosmetics.com\/fr\/wp-json\/wp\/v2\/pages\/352","targetHints":{"allow":["GET"]}}],"collection":[{"href":"https:\/\/mymetacosmetics.com\/fr\/wp-json\/wp\/v2\/pages"}],"about":[{"href":"https:\/\/mymetacosmetics.com\/fr\/wp-json\/wp\/v2\/types\/page"}],"author":[{"embeddable":true,"href":"https:\/\/mymetacosmetics.com\/fr\/wp-json\/wp\/v2\/users\/4"}],"replies":[{"embeddable":true,"href":"https:\/\/mymetacosmetics.com\/fr\/wp-json\/wp\/v2\/comments?post=352"}],"version-history":[{"count":139,"href":"https:\/\/mymetacosmetics.com\/fr\/wp-json\/wp\/v2\/pages\/352\/revisions"}],"predecessor-version":[{"id":880,"href":"https:\/\/mymetacosmetics.com\/fr\/wp-json\/wp\/v2\/pages\/352\/revisions\/880"}],"wp:attachment":[{"href":"https:\/\/mymetacosmetics.com\/fr\/wp-json\/wp\/v2\/media?parent=352"}],"curies":[{"name":"wp","href":"https:\/\/api.w.org\/{rel}","templated":true}]}}