{"id":579,"date":"2022-12-05T14:16:08","date_gmt":"2022-12-05T14:16:08","guid":{"rendered":"https:\/\/mymetacosmetics.com\/?post_type=product&#038;p=579"},"modified":"2024-05-30T11:28:10","modified_gmt":"2024-05-30T11:28:10","slug":"yellow-tone-serum-30ml","status":"publish","type":"product","link":"https:\/\/mymetacosmetics.com\/fr\/produit\/yellow-tone-serum-30ml\/","title":{"rendered":"S\u00e9rum YellowTone 30ML"},"content":{"rendered":"<p class=\"translation-block\">Le s\u00e9rum <strong>YellowTone<\/strong> est con\u00e7u avec du piment jaune un ingr\u00e9dient unique qui agit afin de r\u00e9duire les vergetures et d\u2019hydrater la peau s\u00e8che. Avec une quantit\u00e9 concentr\u00e9e d\u2019ingr\u00e9dients actifs, ce produit nourrit, hydrate et prot\u00e8ge la peau. Rempli de vitamine C, il r\u00e9duit l\u2019apparence des ridules et des vergetures. Ce s\u00e9rum est rapidement absorb\u00e9 par la peau, vous fournissant une peau rajeunit et clarifi\u00e9e.<\/p>\n<p class=\"translation-block\"><strong>Conseils d\u2019utilisation :<\/strong> \u00c0 l\u2019aide de la pipette, d\u00e9poser 2 gouttes du s\u00e9rum sur la paume de vos mains. Appliquer le s\u00e9rum sur votre visage en entier.<\/p>","protected":false},"excerpt":{"rendered":"<p>Formule concentr\u00e9e en Vitamine C, E, &amp; \u00df-Carot\u00e8ne<\/p>\n<ul>\n<li>Augmente la Production de Collag\u00e8ne<\/li>\n<li>Clarifie le Teint<\/li>\n<li>Raffermit la Peau<\/li>\n<li>R\u00e9duit les Vergetures<\/li>\n<\/ul>","protected":false},"featured_media":872,"template":"","meta":[],"product_brand":[],"product_cat":[21],"product_tag":[29],"class_list":{"0":"post-579","1":"product","2":"type-product","3":"status-publish","4":"has-post-thumbnail","6":"product_cat-yellowtone","7":"product_tag-brightening-serum","9":"first","10":"instock","11":"shipping-taxable","12":"product-type-simple"},"_links":{"self":[{"href":"https:\/\/mymetacosmetics.com\/fr\/wp-json\/wp\/v2\/product\/579","targetHints":{"allow":["GET"]}}],"collection":[{"href":"https:\/\/mymetacosmetics.com\/fr\/wp-json\/wp\/v2\/product"}],"about":[{"href":"https:\/\/mymetacosmetics.com\/fr\/wp-json\/wp\/v2\/types\/product"}],"wp:featuredmedia":[{"embeddable":true,"href":"https:\/\/mymetacosmetics.com\/fr\/wp-json\/wp\/v2\/media\/872"}],"wp:attachment":[{"href":"https:\/\/mymetacosmetics.com\/fr\/wp-json\/wp\/v2\/media?parent=579"}],"wp:term":[{"taxonomy":"product_brand","embeddable":true,"href":"https:\/\/mymetacosmetics.com\/fr\/wp-json\/wp\/v2\/product_brand?post=579"},{"taxonomy":"product_cat","embeddable":true,"href":"https:\/\/mymetacosmetics.com\/fr\/wp-json\/wp\/v2\/product_cat?post=579"},{"taxonomy":"product_tag","embeddable":true,"href":"https:\/\/mymetacosmetics.com\/fr\/wp-json\/wp\/v2\/product_tag?post=579"}],"curies":[{"name":"wp","href":"https:\/\/api.w.org\/{rel}","templated":true}]}}