{"id":613,"date":"2022-12-06T08:34:56","date_gmt":"2022-12-06T08:34:56","guid":{"rendered":"https:\/\/mymetacosmetics.com\/?post_type=product&#038;p=613"},"modified":"2024-02-06T10:37:32","modified_gmt":"2024-02-06T10:37:32","slug":"yellow-tone-cream-250ml","status":"publish","type":"product","link":"https:\/\/mymetacosmetics.com\/fr\/produit\/yellow-tone-cream-250ml\/","title":{"rendered":"Cr\u00e8me YellowTone 250ML"},"content":{"rendered":"<p class=\"translation-block\">La cr\u00e8me corporelle <strong>YellowTone <\/strong>est con\u00e7ue avec du piment jaune un ingr\u00e9dient unique qui agit afin de r\u00e9duire les vergetures et d\u2019hydrater la peau s\u00e8che. Cette cr\u00e8me agit afin de valoriser une peau saine et \u00e9quilibr\u00e9e tout en luttant contre les premiers signes de vieillissement. Elle aide de m\u00eame \u00e0 corriger visiblement la texture in\u00e9gale, terne, les ridules et les vergetures pour une peau radiante et rajeunie.<\/p>\n<p class=\"translation-block\"><b>Conseils d\u2019utilisation :<\/b> Appliquer une quantit\u00e9 g\u00e9n\u00e9reuse sur le corps, masser jusqu\u2019\u00e0 qu\u2019il soit absorber par la peau.<\/p>","protected":false},"excerpt":{"rendered":"<p style=\"text-align: left;\">Formule concentr\u00e9e en Vitamine C, E, &amp; \u00df-Carot\u00e8ne<\/p>\n<ul>\n<li style=\"text-align: left;\">Augmente la Production de Collag\u00e8ne<\/li>\n<li>Clarifie le Teint<\/li>\n<li>Raffermit la Peau<\/li>\n<li>R\u00e9duit les Vergetures<\/li>\n<\/ul>\n<p>&nbsp;<\/p>","protected":false},"featured_media":870,"template":"","meta":[],"product_brand":[],"product_cat":[21],"product_tag":[27],"class_list":{"0":"post-613","1":"product","2":"type-product","3":"status-publish","4":"has-post-thumbnail","6":"product_cat-yellowtone","7":"product_tag-brightening-cream","9":"first","10":"instock","11":"shipping-taxable","12":"product-type-simple"},"_links":{"self":[{"href":"https:\/\/mymetacosmetics.com\/fr\/wp-json\/wp\/v2\/product\/613","targetHints":{"allow":["GET"]}}],"collection":[{"href":"https:\/\/mymetacosmetics.com\/fr\/wp-json\/wp\/v2\/product"}],"about":[{"href":"https:\/\/mymetacosmetics.com\/fr\/wp-json\/wp\/v2\/types\/product"}],"wp:featuredmedia":[{"embeddable":true,"href":"https:\/\/mymetacosmetics.com\/fr\/wp-json\/wp\/v2\/media\/870"}],"wp:attachment":[{"href":"https:\/\/mymetacosmetics.com\/fr\/wp-json\/wp\/v2\/media?parent=613"}],"wp:term":[{"taxonomy":"product_brand","embeddable":true,"href":"https:\/\/mymetacosmetics.com\/fr\/wp-json\/wp\/v2\/product_brand?post=613"},{"taxonomy":"product_cat","embeddable":true,"href":"https:\/\/mymetacosmetics.com\/fr\/wp-json\/wp\/v2\/product_cat?post=613"},{"taxonomy":"product_tag","embeddable":true,"href":"https:\/\/mymetacosmetics.com\/fr\/wp-json\/wp\/v2\/product_tag?post=613"}],"curies":[{"name":"wp","href":"https:\/\/api.w.org\/{rel}","templated":true}]}}