{"id":617,"date":"2022-12-06T08:36:25","date_gmt":"2022-12-06T08:36:25","guid":{"rendered":"https:\/\/mymetacosmetics.com\/?post_type=product&#038;p=617"},"modified":"2024-02-06T10:36:04","modified_gmt":"2024-02-06T10:36:04","slug":"yellow-tone-lotion-400ml","status":"publish","type":"product","link":"https:\/\/mymetacosmetics.com\/fr\/produit\/yellow-tone-lotion-400ml\/","title":{"rendered":"Lait YellowTone 400ML"},"content":{"rendered":"<p class=\"translation-block\">Le lait corporel <strong>YellowTone <\/strong> est con\u00e7u avec du piment jaune un ingr\u00e9dient unique qui agit afin de r\u00e9duire les vergetures et d\u2019hydrater la peau s\u00e8che. Avec une concentration \u00e9lev\u00e9e de vitamine C, ce produit augmente la production de collag\u00e8ne et d\u2019\u00e9lastine.<\/p>\n<p class=\"translation-block\"><b>Conseils d\u2019utilisation :<\/b> Appliquer une quantit\u00e9 g\u00e9n\u00e9reuse sur le corps, masser jusqu\u2019\u00e0 qu\u2019il soit absorber par la peau.<\/p>","protected":false},"excerpt":{"rendered":"<p>Formule concentr\u00e9e en Vitamine C, E, &amp; \u00df-Carot\u00e8ne<\/p>\n<ul>\n<li>Augmente la Production de Collag\u00e8ne<\/li>\n<li>Clarifie le Teint<\/li>\n<li>Raffermit la Peau<\/li>\n<li>R\u00e9duit les Vergetures<\/li>\n<\/ul>","protected":false},"featured_media":868,"template":"","meta":[],"product_brand":[],"product_cat":[21],"product_tag":[28],"class_list":{"0":"post-617","1":"product","2":"type-product","3":"status-publish","4":"has-post-thumbnail","6":"product_cat-yellowtone","7":"product_tag-brightening-lotion","9":"first","10":"instock","11":"shipping-taxable","12":"product-type-simple"},"_links":{"self":[{"href":"https:\/\/mymetacosmetics.com\/fr\/wp-json\/wp\/v2\/product\/617","targetHints":{"allow":["GET"]}}],"collection":[{"href":"https:\/\/mymetacosmetics.com\/fr\/wp-json\/wp\/v2\/product"}],"about":[{"href":"https:\/\/mymetacosmetics.com\/fr\/wp-json\/wp\/v2\/types\/product"}],"wp:featuredmedia":[{"embeddable":true,"href":"https:\/\/mymetacosmetics.com\/fr\/wp-json\/wp\/v2\/media\/868"}],"wp:attachment":[{"href":"https:\/\/mymetacosmetics.com\/fr\/wp-json\/wp\/v2\/media?parent=617"}],"wp:term":[{"taxonomy":"product_brand","embeddable":true,"href":"https:\/\/mymetacosmetics.com\/fr\/wp-json\/wp\/v2\/product_brand?post=617"},{"taxonomy":"product_cat","embeddable":true,"href":"https:\/\/mymetacosmetics.com\/fr\/wp-json\/wp\/v2\/product_cat?post=617"},{"taxonomy":"product_tag","embeddable":true,"href":"https:\/\/mymetacosmetics.com\/fr\/wp-json\/wp\/v2\/product_tag?post=617"}],"curies":[{"name":"wp","href":"https:\/\/api.w.org\/{rel}","templated":true}]}}