{"id":619,"date":"2022-12-06T08:37:07","date_gmt":"2022-12-06T08:37:07","guid":{"rendered":"https:\/\/mymetacosmetics.com\/?post_type=product&#038;p=619"},"modified":"2024-05-30T12:10:46","modified_gmt":"2024-05-30T12:10:46","slug":"yellow-tone-oil-60ml","status":"publish","type":"product","link":"https:\/\/mymetacosmetics.com\/fr\/produit\/yellow-tone-oil-60ml\/","title":{"rendered":"Huile YellowTone 60ML"},"content":{"rendered":"<p class=\"translation-block\">L\u2019huile corporelle <strong>YellowTone<\/strong> est con\u00e7ue avec du piment jaune un ingr\u00e9dient unique qui agit afin de r\u00e9duire les vergetures et hydrater la peau s\u00e8che. Cette huile agit afin d\u2019am\u00e9liorer la pigmentation de la peau pour d\u00e9voiler une peau nette et clarifi\u00e9e tout en r\u00e9duisant les cicatrices et les imperfections.<\/p>\n<p class=\"translation-block\"><strong>Conseils d\u2019utilisation :<\/strong> Appliquer le s\u00e9rum matin et soir sur une peau propre.<\/p>","protected":false},"excerpt":{"rendered":"<p>Formule concentr\u00e9e en Vitamine C, E, &amp; \u00df-Carot\u00e8ne<\/p>\n<ul>\n<li>Augmente la Production de Collag\u00e8ne<\/li>\n<li>Clarifie le Teint<\/li>\n<li>Raffermit la Peau<\/li>\n<li>R\u00e9duit les Vergetures<\/li>\n<\/ul>","protected":false},"featured_media":867,"template":"","meta":[],"product_brand":[],"product_cat":[21],"product_tag":[30],"class_list":{"0":"post-619","1":"product","2":"type-product","3":"status-publish","4":"has-post-thumbnail","6":"product_cat-yellowtone","7":"product_tag-brightening-oil","9":"first","10":"instock","11":"shipping-taxable","12":"product-type-simple"},"_links":{"self":[{"href":"https:\/\/mymetacosmetics.com\/fr\/wp-json\/wp\/v2\/product\/619","targetHints":{"allow":["GET"]}}],"collection":[{"href":"https:\/\/mymetacosmetics.com\/fr\/wp-json\/wp\/v2\/product"}],"about":[{"href":"https:\/\/mymetacosmetics.com\/fr\/wp-json\/wp\/v2\/types\/product"}],"wp:featuredmedia":[{"embeddable":true,"href":"https:\/\/mymetacosmetics.com\/fr\/wp-json\/wp\/v2\/media\/867"}],"wp:attachment":[{"href":"https:\/\/mymetacosmetics.com\/fr\/wp-json\/wp\/v2\/media?parent=619"}],"wp:term":[{"taxonomy":"product_brand","embeddable":true,"href":"https:\/\/mymetacosmetics.com\/fr\/wp-json\/wp\/v2\/product_brand?post=619"},{"taxonomy":"product_cat","embeddable":true,"href":"https:\/\/mymetacosmetics.com\/fr\/wp-json\/wp\/v2\/product_cat?post=619"},{"taxonomy":"product_tag","embeddable":true,"href":"https:\/\/mymetacosmetics.com\/fr\/wp-json\/wp\/v2\/product_tag?post=619"}],"curies":[{"name":"wp","href":"https:\/\/api.w.org\/{rel}","templated":true}]}}