{"id":621,"date":"2022-12-06T08:38:31","date_gmt":"2022-12-06T08:38:31","guid":{"rendered":"https:\/\/mymetacosmetics.com\/?post_type=product&#038;p=621"},"modified":"2024-05-30T10:59:33","modified_gmt":"2024-05-30T10:59:33","slug":"yellow-tone-soap","status":"publish","type":"product","link":"https:\/\/mymetacosmetics.com\/fr\/produit\/yellow-tone-soap\/","title":{"rendered":"Savon YellowTone"},"content":{"rendered":"<p class=\"translation-block\">Le savon <strong>YellowTone<\/strong> est con\u00e7u avec du piment jaune un ingr\u00e9dient unique qui agit afin de r\u00e9duire les vergetures et d\u2019hydrater la peau s\u00e8che. Ce savon l\u00e9ger adoucit, prot\u00e8ge et calme la peau afin de la rendre satin\u00e9e et douce. Avec une formule extr\u00eamement effective de vitamine C&amp;E, il offre une peau parfaite, sans probl\u00e8me et plus clarifiante. It agit aussi afin d\u2019\u00e9quilibr\u00e9 le niveau de pH afin de clarifier les r\u00e9gions pigment\u00e9es comme les cicatrices d\u2019acn\u00e9s et les taches de vieillesse tout en remplissant les vergetures et les ridules pour une peau rajeunit.<\/p>\n<p class=\"translation-block\"><strong>Conseils d\u2019utilisation : <\/strong>Dans votre douche ou dans votre bain, appliquez sur une peau humide avec de l\u00e9gers massages circulaires. Faire mousser puis rincer.<\/p>","protected":false},"excerpt":{"rendered":"<p>Formule concentr\u00e9e en Vitamine C, E, &amp; \u00df-Carot\u00e8ne<\/p>\n<ul>\n<li>Augmente la Production de Collag\u00e8ne<\/li>\n<li>Clarifie le Teint<\/li>\n<li>Raffermit la Peau<\/li>\n<li>R\u00e9duit les Vergetures<\/li>\n<\/ul>","protected":false},"featured_media":866,"template":"","meta":[],"product_brand":[],"product_cat":[21],"product_tag":[31],"class_list":{"0":"post-621","1":"product","2":"type-product","3":"status-publish","4":"has-post-thumbnail","6":"product_cat-yellowtone","7":"product_tag-brightening-soap","9":"first","10":"instock","11":"shipping-taxable","12":"product-type-simple"},"_links":{"self":[{"href":"https:\/\/mymetacosmetics.com\/fr\/wp-json\/wp\/v2\/product\/621","targetHints":{"allow":["GET"]}}],"collection":[{"href":"https:\/\/mymetacosmetics.com\/fr\/wp-json\/wp\/v2\/product"}],"about":[{"href":"https:\/\/mymetacosmetics.com\/fr\/wp-json\/wp\/v2\/types\/product"}],"wp:featuredmedia":[{"embeddable":true,"href":"https:\/\/mymetacosmetics.com\/fr\/wp-json\/wp\/v2\/media\/866"}],"wp:attachment":[{"href":"https:\/\/mymetacosmetics.com\/fr\/wp-json\/wp\/v2\/media?parent=621"}],"wp:term":[{"taxonomy":"product_brand","embeddable":true,"href":"https:\/\/mymetacosmetics.com\/fr\/wp-json\/wp\/v2\/product_brand?post=621"},{"taxonomy":"product_cat","embeddable":true,"href":"https:\/\/mymetacosmetics.com\/fr\/wp-json\/wp\/v2\/product_cat?post=621"},{"taxonomy":"product_tag","embeddable":true,"href":"https:\/\/mymetacosmetics.com\/fr\/wp-json\/wp\/v2\/product_tag?post=621"}],"curies":[{"name":"wp","href":"https:\/\/api.w.org\/{rel}","templated":true}]}}