{"id":623,"date":"2022-12-06T08:39:02","date_gmt":"2022-12-06T08:39:02","guid":{"rendered":"https:\/\/mymetacosmetics.com\/?post_type=product&#038;p=623"},"modified":"2024-02-06T11:39:24","modified_gmt":"2024-02-06T11:39:24","slug":"yellow-tone-clarifying-shower-gel-500ml","status":"publish","type":"product","link":"https:\/\/mymetacosmetics.com\/fr\/produit\/yellow-tone-clarifying-shower-gel-500ml\/","title":{"rendered":"Gel Douche Clarifiant YellowTone 500ML"},"content":{"rendered":"<p class=\"translation-block\">Le gel douche clarifiant <strong>YellowTone <\/strong> est con\u00e7u avec du piment jaune un ingr\u00e9dient unique afin de r\u00e9duire les vergetures et d\u2019hydrater la peau. It agit afin d\u2019augmenter l\u2019hydratation et la production de collag\u00e8ne pour une peau plus radiante et rajeunit.<\/p>\n<p class=\"translation-block\"><strong>Mode d\u2019emploi :<\/strong> Dans le bain ou la douche, appliquer une quantit\u00e9 abondante le produit sur un gant de bain. Masser le corps en entier.<\/p>","protected":false},"excerpt":{"rendered":"<p>Formule concentr\u00e9e en Vitamine C, E, &amp; \u00df-Carot\u00e8ne<\/p>\n<ul>\n<li>Augmente la Production de Collag\u00e8ne<\/li>\n<li>Clarifie le Teint<\/li>\n<li>Raffermit la Peau<\/li>\n<li>R\u00e9duit les Vergetures<\/li>\n<\/ul>","protected":false},"featured_media":865,"template":"","meta":[],"product_brand":[],"product_cat":[21],"product_tag":[26],"class_list":{"0":"post-623","1":"product","2":"type-product","3":"status-publish","4":"has-post-thumbnail","6":"product_cat-yellowtone","7":"product_tag-clarifying-shower-gel","9":"first","10":"instock","11":"shipping-taxable","12":"product-type-simple"},"_links":{"self":[{"href":"https:\/\/mymetacosmetics.com\/fr\/wp-json\/wp\/v2\/product\/623","targetHints":{"allow":["GET"]}}],"collection":[{"href":"https:\/\/mymetacosmetics.com\/fr\/wp-json\/wp\/v2\/product"}],"about":[{"href":"https:\/\/mymetacosmetics.com\/fr\/wp-json\/wp\/v2\/types\/product"}],"wp:featuredmedia":[{"embeddable":true,"href":"https:\/\/mymetacosmetics.com\/fr\/wp-json\/wp\/v2\/media\/865"}],"wp:attachment":[{"href":"https:\/\/mymetacosmetics.com\/fr\/wp-json\/wp\/v2\/media?parent=623"}],"wp:term":[{"taxonomy":"product_brand","embeddable":true,"href":"https:\/\/mymetacosmetics.com\/fr\/wp-json\/wp\/v2\/product_brand?post=623"},{"taxonomy":"product_cat","embeddable":true,"href":"https:\/\/mymetacosmetics.com\/fr\/wp-json\/wp\/v2\/product_cat?post=623"},{"taxonomy":"product_tag","embeddable":true,"href":"https:\/\/mymetacosmetics.com\/fr\/wp-json\/wp\/v2\/product_tag?post=623"}],"curies":[{"name":"wp","href":"https:\/\/api.w.org\/{rel}","templated":true}]}}