{"id":631,"date":"2022-12-06T08:55:05","date_gmt":"2022-12-06T08:55:05","guid":{"rendered":"https:\/\/mymetacosmetics.com\/?post_type=product&#038;p=631"},"modified":"2024-02-06T09:53:24","modified_gmt":"2024-02-06T09:53:24","slug":"tomatone-lotion-250ml","status":"publish","type":"product","link":"https:\/\/mymetacosmetics.com\/fr\/produit\/tomatone-lotion-250ml\/","title":{"rendered":"Lait Tomatone 250ML"},"content":{"rendered":"<p class=\"translation-block\">Le lait corporel <strong>Tomatone <\/strong>est une recette 100% naturelle \u00e0 base <strong>d'extrait de tomate<\/strong>, faisant de lui le produit hydratant id\u00e9al. Il emp\u00eache le rel\u00e2chement cutan\u00e9 tout en procurant un teint lumineux, \u00e9clatant et hydrat\u00e9. Ce lait corporel augmente la production de collag\u00e8ne afin de permettre \u00e0 votre peau de regagner son \u00e9lasticit\u00e9 de jeunesse. L\u2019acide kojique contenu dans ce lait agit en bloquant la production de m\u00e9lanine, offrant une peau lumineuse et plus ferme. Il agit comme un exfoliant sur les cellules mortes de la peau pr\u00e9venant ainsi l\u2019apparition des taches noires et des boutons.<\/p>\n<p class=\"translation-block\"><strong>Conseils d\u2019utilisation :<\/strong> Appliquer une quantit\u00e9 g\u00e9n\u00e9reuse sur la peau et masser jusqu\u2019\u00e0 ce que la peau absorbe le produit.<\/p>","protected":false},"excerpt":{"rendered":"<p>100% Naturelle<\/p>\n<p>Extrait de Lycop\u00e8ne<\/p>\n<p>Vitamine B6, Vitamine K1, &amp; Beta Carot\u00e8ne<\/p>\n<p>Triple Action: Clarifie, Hydrate, &amp; Unifie<\/p>","protected":false},"featured_media":847,"template":"","meta":[],"product_brand":[],"product_cat":[20],"product_tag":[28],"class_list":{"0":"post-631","1":"product","2":"type-product","3":"status-publish","4":"has-post-thumbnail","6":"product_cat-tomatone","7":"product_tag-brightening-lotion","9":"first","10":"instock","11":"shipping-taxable","12":"product-type-simple"},"_links":{"self":[{"href":"https:\/\/mymetacosmetics.com\/fr\/wp-json\/wp\/v2\/product\/631","targetHints":{"allow":["GET"]}}],"collection":[{"href":"https:\/\/mymetacosmetics.com\/fr\/wp-json\/wp\/v2\/product"}],"about":[{"href":"https:\/\/mymetacosmetics.com\/fr\/wp-json\/wp\/v2\/types\/product"}],"wp:featuredmedia":[{"embeddable":true,"href":"https:\/\/mymetacosmetics.com\/fr\/wp-json\/wp\/v2\/media\/847"}],"wp:attachment":[{"href":"https:\/\/mymetacosmetics.com\/fr\/wp-json\/wp\/v2\/media?parent=631"}],"wp:term":[{"taxonomy":"product_brand","embeddable":true,"href":"https:\/\/mymetacosmetics.com\/fr\/wp-json\/wp\/v2\/product_brand?post=631"},{"taxonomy":"product_cat","embeddable":true,"href":"https:\/\/mymetacosmetics.com\/fr\/wp-json\/wp\/v2\/product_cat?post=631"},{"taxonomy":"product_tag","embeddable":true,"href":"https:\/\/mymetacosmetics.com\/fr\/wp-json\/wp\/v2\/product_tag?post=631"}],"curies":[{"name":"wp","href":"https:\/\/api.w.org\/{rel}","templated":true}]}}