{"id":639,"date":"2022-12-06T08:59:39","date_gmt":"2022-12-06T08:59:39","guid":{"rendered":"https:\/\/mymetacosmetics.com\/?post_type=product&#038;p=639"},"modified":"2024-05-30T10:52:54","modified_gmt":"2024-05-30T10:52:54","slug":"tomatone-oil-60ml","status":"publish","type":"product","link":"https:\/\/mymetacosmetics.com\/fr\/produit\/tomatone-oil-60ml\/","title":{"rendered":"Huile Tomatone 60ML"},"content":{"rendered":"<p class=\"translation-block\">L\u2019huile clarifiante <strong>Tomatone<\/strong> est une recette 100% naturelle \u00e0 base <strong>d\u2019extrait de tomate.<\/strong> Cette huile agit contre la s\u00e9cheresse de votre peau en stimulant la r\u00e9paration naturelle de ses cellules. Elle la prot\u00e8ge contre les dommages caus\u00e9s par le soleil et estompe les imperfections cutan\u00e9es et les cicatrices d'acn\u00e9.<\/p>\n<p class=\"translation-block\"><strong>Conseils d\u2019utilisation :<\/strong> Appliquer le s\u00e9rum matin et soir sur une peau propre.<\/p>","protected":false},"excerpt":{"rendered":"<p>100% Naturelle<\/p>\n<p>Extrait de Lycop\u00e8ne<\/p>\n<p>Beta Carotene<\/p>\n<p>Triple Action: Clarifie, Hydrate, &amp; Unifie<\/p>","protected":false},"featured_media":843,"template":"","meta":[],"product_brand":[],"product_cat":[20],"product_tag":[30],"class_list":{"0":"post-639","1":"product","2":"type-product","3":"status-publish","4":"has-post-thumbnail","6":"product_cat-tomatone","7":"product_tag-brightening-oil","9":"first","10":"instock","11":"shipping-taxable","12":"product-type-simple"},"_links":{"self":[{"href":"https:\/\/mymetacosmetics.com\/fr\/wp-json\/wp\/v2\/product\/639","targetHints":{"allow":["GET"]}}],"collection":[{"href":"https:\/\/mymetacosmetics.com\/fr\/wp-json\/wp\/v2\/product"}],"about":[{"href":"https:\/\/mymetacosmetics.com\/fr\/wp-json\/wp\/v2\/types\/product"}],"wp:featuredmedia":[{"embeddable":true,"href":"https:\/\/mymetacosmetics.com\/fr\/wp-json\/wp\/v2\/media\/843"}],"wp:attachment":[{"href":"https:\/\/mymetacosmetics.com\/fr\/wp-json\/wp\/v2\/media?parent=639"}],"wp:term":[{"taxonomy":"product_brand","embeddable":true,"href":"https:\/\/mymetacosmetics.com\/fr\/wp-json\/wp\/v2\/product_brand?post=639"},{"taxonomy":"product_cat","embeddable":true,"href":"https:\/\/mymetacosmetics.com\/fr\/wp-json\/wp\/v2\/product_cat?post=639"},{"taxonomy":"product_tag","embeddable":true,"href":"https:\/\/mymetacosmetics.com\/fr\/wp-json\/wp\/v2\/product_tag?post=639"}],"curies":[{"name":"wp","href":"https:\/\/api.w.org\/{rel}","templated":true}]}}