{"id":641,"date":"2022-12-06T09:00:17","date_gmt":"2022-12-06T09:00:17","guid":{"rendered":"https:\/\/mymetacosmetics.com\/?post_type=product&#038;p=641"},"modified":"2024-05-30T10:15:06","modified_gmt":"2024-05-30T10:15:06","slug":"tomatone-serum-30ml","status":"publish","type":"product","link":"https:\/\/mymetacosmetics.com\/fr\/produit\/tomatone-serum-30ml\/","title":{"rendered":"S\u00e9rum Tomatone 30ML"},"content":{"rendered":"<p class=\"translation-block\">Le s\u00e9rum <strong>Tomatone<\/strong> est une recette 100% naturelle \u00e0 base <strong>d'extrait de tomate<\/strong>, faisant de lui le produit hydratant id\u00e9al. Il emp\u00eache le rel\u00e2chement cutan\u00e9 tout en fournissant un teint plus lumineux et une peau hydrat\u00e9e. Riche en acide Kojique et en Vitamine C, cette formule concentr\u00e9e agit en bloquant la production de m\u00e9lanine permettant \u00e0 votre peau d\u2019\u00eatre plus lumineuse et plus ferme. Il agit comme un exfoliant sur les cellules mortes, pr\u00e9venant ainsi l\u2019apparition des taches noires et des imperfections.<\/p>\n<p class=\"translation-block\"><strong>Conseils d\u2019utilisation :<\/strong> \u00c0 l\u2019aide de la pipette, d\u00e9poser 2 gouttes du s\u00e9rum sur la paume de vos mains. Appliquer le s\u00e9rum sur votre visage en entier.<\/p>","protected":false},"excerpt":{"rendered":"<p>100% Naturelle<\/p>\n<p>Extrait de Lycop\u00e8ne<\/p>\n<p>Vitamine B6, Vitamine K1, &amp; Beta Carot\u00e8ne<\/p>\n<p>Triple Action: Clarifie, Hydrate, &amp; Unifie<\/p>","protected":false},"featured_media":842,"template":"","meta":[],"product_brand":[],"product_cat":[20],"product_tag":[29],"class_list":{"0":"post-641","1":"product","2":"type-product","3":"status-publish","4":"has-post-thumbnail","6":"product_cat-tomatone","7":"product_tag-brightening-serum","9":"first","10":"instock","11":"shipping-taxable","12":"product-type-simple"},"_links":{"self":[{"href":"https:\/\/mymetacosmetics.com\/fr\/wp-json\/wp\/v2\/product\/641","targetHints":{"allow":["GET"]}}],"collection":[{"href":"https:\/\/mymetacosmetics.com\/fr\/wp-json\/wp\/v2\/product"}],"about":[{"href":"https:\/\/mymetacosmetics.com\/fr\/wp-json\/wp\/v2\/types\/product"}],"wp:featuredmedia":[{"embeddable":true,"href":"https:\/\/mymetacosmetics.com\/fr\/wp-json\/wp\/v2\/media\/842"}],"wp:attachment":[{"href":"https:\/\/mymetacosmetics.com\/fr\/wp-json\/wp\/v2\/media?parent=641"}],"wp:term":[{"taxonomy":"product_brand","embeddable":true,"href":"https:\/\/mymetacosmetics.com\/fr\/wp-json\/wp\/v2\/product_brand?post=641"},{"taxonomy":"product_cat","embeddable":true,"href":"https:\/\/mymetacosmetics.com\/fr\/wp-json\/wp\/v2\/product_cat?post=641"},{"taxonomy":"product_tag","embeddable":true,"href":"https:\/\/mymetacosmetics.com\/fr\/wp-json\/wp\/v2\/product_tag?post=641"}],"curies":[{"name":"wp","href":"https:\/\/api.w.org\/{rel}","templated":true}]}}