{"id":650,"date":"2022-12-06T09:02:42","date_gmt":"2022-12-06T09:02:42","guid":{"rendered":"https:\/\/mymetacosmetics.com\/?post_type=product&#038;p=650"},"modified":"2024-02-06T09:45:42","modified_gmt":"2024-02-06T09:45:42","slug":"tomatone-exfoliating-shower-gel-1000ml","status":"publish","type":"product","link":"https:\/\/mymetacosmetics.com\/fr\/produit\/tomatone-exfoliating-shower-gel-1000ml\/","title":{"rendered":"Gel Douche Exfoliant Tomatone 1000ML"},"content":{"rendered":"<p class=\"translation-block\">Le gel douche exfoliant Tomatone est une recette 100% naturelle \u00e0 base d'extrait de tomate. Ce produit nettoie d\u00e9licatement votre peau et la revitalise. Sa propri\u00e9t\u00e9 exfoliante rend votre peau intens\u00e9ment nette et lisse.<\/p>\n<p class=\"translation-block\"><strong>Conseils d\u2019utilisation :<\/strong> Mousser sur un gant de toilette et appliquer sur tout le corps.<\/p>","protected":false},"excerpt":{"rendered":"<p>100% Naturelle<\/p>\n<p>Extrait de Lycop\u00e8ne<\/p>\n<p>Vitamine B6, Vitamine K1, &amp; Beta Carot\u00e8ne<\/p>\n<p>2 en 1: Exfoliant &amp; Clarifiant<\/p>\n<p>Nettoyage en Douceur &amp; Confort Durable<\/p>","protected":false},"featured_media":838,"template":"","meta":[],"product_brand":[],"product_cat":[20],"product_tag":[25],"class_list":{"0":"post-650","1":"product","2":"type-product","3":"status-publish","4":"has-post-thumbnail","6":"product_cat-tomatone","7":"product_tag-exfoliating-shower-gel","9":"first","10":"instock","11":"shipping-taxable","12":"product-type-simple"},"_links":{"self":[{"href":"https:\/\/mymetacosmetics.com\/fr\/wp-json\/wp\/v2\/product\/650","targetHints":{"allow":["GET"]}}],"collection":[{"href":"https:\/\/mymetacosmetics.com\/fr\/wp-json\/wp\/v2\/product"}],"about":[{"href":"https:\/\/mymetacosmetics.com\/fr\/wp-json\/wp\/v2\/types\/product"}],"wp:featuredmedia":[{"embeddable":true,"href":"https:\/\/mymetacosmetics.com\/fr\/wp-json\/wp\/v2\/media\/838"}],"wp:attachment":[{"href":"https:\/\/mymetacosmetics.com\/fr\/wp-json\/wp\/v2\/media?parent=650"}],"wp:term":[{"taxonomy":"product_brand","embeddable":true,"href":"https:\/\/mymetacosmetics.com\/fr\/wp-json\/wp\/v2\/product_brand?post=650"},{"taxonomy":"product_cat","embeddable":true,"href":"https:\/\/mymetacosmetics.com\/fr\/wp-json\/wp\/v2\/product_cat?post=650"},{"taxonomy":"product_tag","embeddable":true,"href":"https:\/\/mymetacosmetics.com\/fr\/wp-json\/wp\/v2\/product_tag?post=650"}],"curies":[{"name":"wp","href":"https:\/\/api.w.org\/{rel}","templated":true}]}}