{"id":652,"date":"2022-12-06T09:03:11","date_gmt":"2022-12-06T09:03:11","guid":{"rendered":"https:\/\/mymetacosmetics.com\/?post_type=product&#038;p=652"},"modified":"2024-05-30T10:06:10","modified_gmt":"2024-05-30T10:06:10","slug":"tomatone-soap","status":"publish","type":"product","link":"https:\/\/mymetacosmetics.com\/fr\/produit\/tomatone-soap\/","title":{"rendered":"Savon Tomatone"},"content":{"rendered":"<p class=\"translation-block\">Le savon clarifiant <strong>Tomatone<\/strong> est une recette 100% naturelle \u00e0 base d'extrait de tomate, faisant de lui le produit hydratant id\u00e9al. Il emp\u00eache le rel\u00e2chement cutan\u00e9 tout en procurant un teint lumineux, \u00e9clatant et hydrat\u00e9. Ce savon nettoie parfaitement votre peau, la laissant rafra\u00eechie et douce.  Ses propri\u00e9t\u00e9s antioxydantes aident \u00e0 unifier le teint tout en prot\u00e9geant la peau contre les dommages caus\u00e9s par le soleil. Il aide aussi \u00e0 estomper les imperfections cutan\u00e9es et les cicatrices d'acn\u00e9.<\/p>\n<p class=\"translation-block\"><strong>Conseils d\u2019utilisation : <\/strong>Dans votre douche ou dans votre bain, appliquez sur une peau humide avec de l\u00e9gers massages circulaires. Faire mousser puis rincer.<\/p>","protected":false},"excerpt":{"rendered":"<p>100% Naturelle<\/p>\n<p>Extrait de Lycop\u00e8ne<\/p>\n<p>Vitamine B6, Vitamine K1, &amp; Beta Carot\u00e8ne<\/p>\n<p>Triple Action: Clarifie, Hydrate, &amp; Unifie<\/p>","protected":false},"featured_media":837,"template":"","meta":[],"product_brand":[],"product_cat":[20],"product_tag":[31],"class_list":{"0":"post-652","1":"product","2":"type-product","3":"status-publish","4":"has-post-thumbnail","6":"product_cat-tomatone","7":"product_tag-brightening-soap","9":"first","10":"instock","11":"shipping-taxable","12":"product-type-simple"},"_links":{"self":[{"href":"https:\/\/mymetacosmetics.com\/fr\/wp-json\/wp\/v2\/product\/652","targetHints":{"allow":["GET"]}}],"collection":[{"href":"https:\/\/mymetacosmetics.com\/fr\/wp-json\/wp\/v2\/product"}],"about":[{"href":"https:\/\/mymetacosmetics.com\/fr\/wp-json\/wp\/v2\/types\/product"}],"wp:featuredmedia":[{"embeddable":true,"href":"https:\/\/mymetacosmetics.com\/fr\/wp-json\/wp\/v2\/media\/837"}],"wp:attachment":[{"href":"https:\/\/mymetacosmetics.com\/fr\/wp-json\/wp\/v2\/media?parent=652"}],"wp:term":[{"taxonomy":"product_brand","embeddable":true,"href":"https:\/\/mymetacosmetics.com\/fr\/wp-json\/wp\/v2\/product_brand?post=652"},{"taxonomy":"product_cat","embeddable":true,"href":"https:\/\/mymetacosmetics.com\/fr\/wp-json\/wp\/v2\/product_cat?post=652"},{"taxonomy":"product_tag","embeddable":true,"href":"https:\/\/mymetacosmetics.com\/fr\/wp-json\/wp\/v2\/product_tag?post=652"}],"curies":[{"name":"wp","href":"https:\/\/api.w.org\/{rel}","templated":true}]}}