{"id":729,"date":"2023-06-06T13:34:59","date_gmt":"2023-06-06T13:34:59","guid":{"rendered":"https:\/\/mymetacosmetics.com\/?post_type=product&#038;p=729"},"modified":"2024-05-31T07:10:26","modified_gmt":"2024-05-31T07:10:26","slug":"clarifying-body-cream","status":"publish","type":"product","link":"https:\/\/mymetacosmetics.com\/fr\/produit\/clarifying-body-cream\/","title":{"rendered":"Cr\u00e8me Corporelle Clarifiante White Target 250ML"},"content":{"rendered":"<p class=\"translation-block\">La cr\u00e8me corporelle White Target Vitamin C Boost restaure la sant\u00e9 de la peau et assure un teint \u00e9clatant tout en r\u00e9activant sa r\u00e9g\u00e9n\u00e9ration naturelle.<\/p>\n<p>Avec une formule riche en vitamine C et en extrait de curcuma dor\u00e9, elle soulage la peau de toute s\u00e9cheresse tout en stimulant la r\u00e9paration naturelle de ses cellules. Ses propri\u00e9t\u00e9s anti-oxydantes aident \u00e0 uniformiser les tons de la peau tout en la prot\u00e9geant contre les dommages caus\u00e9s par le soleil. Elle aide ainsi \u00e0 estomper les imperfections cutan\u00e9es et les cicatrices d'acn\u00e9. En somme, cette cr\u00e8me corporelle assure un teint sain et revitalis\u00e9.<\/p>\n<p class=\"translation-block\">Appliquer matin et soir sur une peau propre pour de meilleurs r\u00e9sultats.<\/p>\n<p><strong>Effets visibles d\u00e8s la premi\u00e8re utilisation.<\/strong><\/p>\n<p class=\"translation-block\">Pr\u00e9cautions: \u00c9viter tout contact avec les yeux ou la peau irrit\u00e9e. Tenir hors de port\u00e9e des enfants. Le changement de couleur du produit n'affecte pas sa qualit\u00e9.<\/p>","protected":false},"excerpt":{"rendered":"<p>R\u00e9g\u00e9n\u00e9ration naturelle<\/p>\n<p>Cicatrisante &amp; R\u00e9paratrice<\/p>\n<p>Pr\u00e9serve la peau<\/p>\n<p>&nbsp;<\/p>\n<p>Formule enrichie \u00e0 la vitamine C<\/p>\n<p>Avec du curcuma<\/p>\n<p>Tous types de peaux<\/p>","protected":false},"featured_media":860,"template":"","meta":[],"product_brand":[],"product_cat":[32],"product_tag":[27],"class_list":{"0":"post-729","1":"product","2":"type-product","3":"status-publish","4":"has-post-thumbnail","6":"product_cat-white-target","7":"product_tag-brightening-cream","9":"first","10":"instock","11":"shipping-taxable","12":"product-type-simple"},"_links":{"self":[{"href":"https:\/\/mymetacosmetics.com\/fr\/wp-json\/wp\/v2\/product\/729","targetHints":{"allow":["GET"]}}],"collection":[{"href":"https:\/\/mymetacosmetics.com\/fr\/wp-json\/wp\/v2\/product"}],"about":[{"href":"https:\/\/mymetacosmetics.com\/fr\/wp-json\/wp\/v2\/types\/product"}],"wp:featuredmedia":[{"embeddable":true,"href":"https:\/\/mymetacosmetics.com\/fr\/wp-json\/wp\/v2\/media\/860"}],"wp:attachment":[{"href":"https:\/\/mymetacosmetics.com\/fr\/wp-json\/wp\/v2\/media?parent=729"}],"wp:term":[{"taxonomy":"product_brand","embeddable":true,"href":"https:\/\/mymetacosmetics.com\/fr\/wp-json\/wp\/v2\/product_brand?post=729"},{"taxonomy":"product_cat","embeddable":true,"href":"https:\/\/mymetacosmetics.com\/fr\/wp-json\/wp\/v2\/product_cat?post=729"},{"taxonomy":"product_tag","embeddable":true,"href":"https:\/\/mymetacosmetics.com\/fr\/wp-json\/wp\/v2\/product_tag?post=729"}],"curies":[{"name":"wp","href":"https:\/\/api.w.org\/{rel}","templated":true}]}}