{"id":731,"date":"2023-06-06T13:38:47","date_gmt":"2023-06-06T13:38:47","guid":{"rendered":"https:\/\/mymetacosmetics.com\/?post_type=product&#038;p=731"},"modified":"2024-06-03T06:27:29","modified_gmt":"2024-06-03T06:27:29","slug":"clarifying-shower-gel","status":"publish","type":"product","link":"https:\/\/mymetacosmetics.com\/fr\/produit\/clarifying-shower-gel\/","title":{"rendered":"Gel Douche Clarifiant White Target 1000ML"},"content":{"rendered":"<p class=\"translation-block\">Le gel douche clarifiant White Target Vitamin C Boost restaure la sant\u00e9 de la peau et assure un teint \u00e9clatant tout en r\u00e9activant sa r\u00e9g\u00e9n\u00e9ration naturelle.Avec une formule riche en vitamine C et en extrait de curcuma dor\u00e9, elle soulage la peau de toute s\u00e9cheresse tout en stimulant la r\u00e9paration naturelle de ses cellules.<\/p>\n<p class=\"translation-block\"><strong>Conseils d\u2019utilisation : <\/strong>Dans votre douche ou dans votre bain, appliquez sur une peau humide avec de l\u00e9gers massages circulaires. Faire mousser puis rincer.<\/p>\n<p><strong>Effets visibles d\u00e8s la premi\u00e8re utilisation.<\/strong><\/p>\n<p class=\"translation-block\">Pr\u00e9cautions: \u00c9viter tout contact avec les yeux ou la peau irrit\u00e9e. Tenir hors de port\u00e9e des enfants. Le changement de couleur du produit n'affecte pas sa qualit\u00e9.<\/p>","protected":false},"excerpt":{"rendered":"<p>Hydrate en Profondeur<\/p>\n<p>Nettoie efficacement<\/p>\n<p>Rafra\u00eechit la Peau<\/p>\n<p>&nbsp;<\/p>\n<p>Formule enrichie \u00e0 la vitamine C<\/p>\n<p>Avec du curcuma<\/p>\n<p>Pour Les Peaux Sensibles<\/p>","protected":false},"featured_media":858,"template":"","meta":[],"product_brand":[],"product_cat":[32],"product_tag":[26],"class_list":{"0":"post-731","1":"product","2":"type-product","3":"status-publish","4":"has-post-thumbnail","6":"product_cat-white-target","7":"product_tag-clarifying-shower-gel","9":"first","10":"instock","11":"shipping-taxable","12":"product-type-simple"},"_links":{"self":[{"href":"https:\/\/mymetacosmetics.com\/fr\/wp-json\/wp\/v2\/product\/731","targetHints":{"allow":["GET"]}}],"collection":[{"href":"https:\/\/mymetacosmetics.com\/fr\/wp-json\/wp\/v2\/product"}],"about":[{"href":"https:\/\/mymetacosmetics.com\/fr\/wp-json\/wp\/v2\/types\/product"}],"wp:featuredmedia":[{"embeddable":true,"href":"https:\/\/mymetacosmetics.com\/fr\/wp-json\/wp\/v2\/media\/858"}],"wp:attachment":[{"href":"https:\/\/mymetacosmetics.com\/fr\/wp-json\/wp\/v2\/media?parent=731"}],"wp:term":[{"taxonomy":"product_brand","embeddable":true,"href":"https:\/\/mymetacosmetics.com\/fr\/wp-json\/wp\/v2\/product_brand?post=731"},{"taxonomy":"product_cat","embeddable":true,"href":"https:\/\/mymetacosmetics.com\/fr\/wp-json\/wp\/v2\/product_cat?post=731"},{"taxonomy":"product_tag","embeddable":true,"href":"https:\/\/mymetacosmetics.com\/fr\/wp-json\/wp\/v2\/product_tag?post=731"}],"curies":[{"name":"wp","href":"https:\/\/api.w.org\/{rel}","templated":true}]}}