{"id":733,"date":"2023-06-06T13:45:30","date_gmt":"2023-06-06T13:45:30","guid":{"rendered":"https:\/\/mymetacosmetics.com\/?post_type=product&#038;p=733"},"modified":"2024-05-31T06:52:07","modified_gmt":"2024-05-31T06:52:07","slug":"dark-spot-remover","status":"publish","type":"product","link":"https:\/\/mymetacosmetics.com\/fr\/produit\/dark-spot-remover\/","title":{"rendered":"Correcteur des Taches White Target 30ML"},"content":{"rendered":"<p class=\"translation-block\">Le correcteur de taches White Target Vitamin C Boost restaure la sant\u00e9 de la peau et assure un teint \u00e9clatant tout en r\u00e9activant sa r\u00e9g\u00e9n\u00e9ration naturelle.<\/p>\n<p>Sa formule tr\u00e8s concentr\u00e9e aide \u00e0 traiter l'hyperpigmentation, r\u00e9duisant visiblement les taches sombres et les marques post-acn\u00e9iques tout en emp\u00eachant leur r\u00e9apparition, assurant ainsi une peau lumineuse et unie. Avec une formule riche en vitamine C et en extrait de curcuma dor\u00e9, il soulage la peau de toute s\u00e9cheresse tout en stimulant la r\u00e9paration naturelle de ses cellules. Ses propri\u00e9t\u00e9s anti-oxydantes aident \u00e0 uniformiser les tons de la peau tout en la prot\u00e9geant contre les dommages caus\u00e9s par le soleil. Il aide ainsi \u00e0 estomper les imperfections cutan\u00e9es et les cicatrices d'acn\u00e9. En somme, ce DSR assure un teint sain et revitalis\u00e9.<\/p>\n<p class=\"translation-block\">Appliquer matin et soir sur une peau propre pour de meilleurs r\u00e9sultats.<\/p>\n<p><strong>Effets visibles d\u00e8s la premi\u00e8re utilisation.<\/strong>.<\/p>\n<p class=\"translation-block\">Pr\u00e9cautions: \u00c9viter tout contact avec les yeux ou la peau irrit\u00e9e. Tenir hors de port\u00e9e des enfants. Le changement de couleur du produit n'affecte pas sa qualit\u00e9.<\/p>\n<p class=\"translation-block\">Efficace sur les r\u00e9gions les plus difficiles comme les mains, les pieds, les coudes et les genoux pour un teint uniformis\u00e9. Masser les r\u00e9gions jusqu\u2019\u00e0 ce que la cr\u00e8me soit compl\u00e8tement absorber.<\/p>","protected":false},"excerpt":{"rendered":"<p>R\u00e9g\u00e9n\u00e9ration naturelle<\/p>\n<p>Unifie le teint de la peau<\/p>\n<p>Anti-Taches<\/p>\n<p>Formule enrichie au curcuma et \u00e0 la vitamine C<\/p>\n<p>&nbsp;<\/p>","protected":false},"featured_media":856,"template":"","meta":[],"product_brand":[],"product_cat":[32],"product_tag":[27],"class_list":{"0":"post-733","1":"product","2":"type-product","3":"status-publish","4":"has-post-thumbnail","6":"product_cat-white-target","7":"product_tag-brightening-cream","9":"first","10":"instock","11":"shipping-taxable","12":"product-type-simple"},"_links":{"self":[{"href":"https:\/\/mymetacosmetics.com\/fr\/wp-json\/wp\/v2\/product\/733","targetHints":{"allow":["GET"]}}],"collection":[{"href":"https:\/\/mymetacosmetics.com\/fr\/wp-json\/wp\/v2\/product"}],"about":[{"href":"https:\/\/mymetacosmetics.com\/fr\/wp-json\/wp\/v2\/types\/product"}],"wp:featuredmedia":[{"embeddable":true,"href":"https:\/\/mymetacosmetics.com\/fr\/wp-json\/wp\/v2\/media\/856"}],"wp:attachment":[{"href":"https:\/\/mymetacosmetics.com\/fr\/wp-json\/wp\/v2\/media?parent=733"}],"wp:term":[{"taxonomy":"product_brand","embeddable":true,"href":"https:\/\/mymetacosmetics.com\/fr\/wp-json\/wp\/v2\/product_brand?post=733"},{"taxonomy":"product_cat","embeddable":true,"href":"https:\/\/mymetacosmetics.com\/fr\/wp-json\/wp\/v2\/product_cat?post=733"},{"taxonomy":"product_tag","embeddable":true,"href":"https:\/\/mymetacosmetics.com\/fr\/wp-json\/wp\/v2\/product_tag?post=733"}],"curies":[{"name":"wp","href":"https:\/\/api.w.org\/{rel}","templated":true}]}}