{"id":737,"date":"2023-06-06T13:53:29","date_gmt":"2023-06-06T13:53:29","guid":{"rendered":"https:\/\/mymetacosmetics.com\/?post_type=product&#038;p=737"},"modified":"2024-05-30T13:14:03","modified_gmt":"2024-05-30T13:14:03","slug":"clarifying-soap","status":"publish","type":"product","link":"https:\/\/mymetacosmetics.com\/fr\/produit\/clarifying-soap\/","title":{"rendered":"Savon Clarifiant White Target"},"content":{"rendered":"<p class=\"translation-block\">Le savon clarifiant<strong> White Target Vitamin C Boost<\/strong> restaure la sant\u00e9 de la peau et assure un teint \u00e9clatant tout en r\u00e9activant sa r\u00e9g\u00e9n\u00e9ration naturelle.<\/p>\n<p>Ce savon nettoie parfaitement votre peau, la laissant rafra\u00eechie et douce.<\/p>\n<p>Avec une formule riche en vitamine C et en extrait de curcuma dor\u00e9, il soulage la peau de toute s\u00e9cheresse tout en stimulant la r\u00e9paration naturelle de ses cellules. Ses propri\u00e9t\u00e9s anti-oxydantes aident \u00e0 uniformiser les tons de la peau tout en la prot\u00e9geant contre les dommages caus\u00e9s par le soleil. Il aide ainsi \u00e0 estomper les imperfections cutan\u00e9es et les cicatrices d'acn\u00e9. En somme, ce savon assure un teint sain et revitalis\u00e9.<\/p>\n<p class=\"translation-block\"><strong>Conseils d\u2019utilisation : <\/strong>Dans votre douche ou dans votre bain, appliquez sur une peau humide avec de l\u00e9gers massages circulaires. Faire mousser puis rincer.<\/p>\n<p><strong>Effets visibles d\u00e8s la premi\u00e8re utilisation.<\/strong><\/p>\n<p class=\"translation-block\">Pr\u00e9cautions: \u00c9viter tout contact avec les yeux ou la peau irrit\u00e9e. Tenir hors de port\u00e9e des enfants. Le changement de couleur du produit n'affecte pas sa qualit\u00e9.<\/p>","protected":false},"excerpt":{"rendered":"<p>Pr\u00e9serve la peau<\/p>\n<p>\u00c9limine Efficacement les Impuret\u00e9s<\/p>\n<p>Rafra\u00eechit la Peau<\/p>\n<p>&nbsp;<\/p>\n<p>Formule enrichie \u00e0 la vitamine C<\/p>\n<p>Avec du curcuma<\/p>\n<p>&nbsp;<\/p>","protected":false},"featured_media":852,"template":"","meta":[],"product_brand":[],"product_cat":[32],"product_tag":[31],"class_list":{"0":"post-737","1":"product","2":"type-product","3":"status-publish","4":"has-post-thumbnail","6":"product_cat-white-target","7":"product_tag-brightening-soap","9":"first","10":"instock","11":"shipping-taxable","12":"product-type-simple"},"_links":{"self":[{"href":"https:\/\/mymetacosmetics.com\/fr\/wp-json\/wp\/v2\/product\/737","targetHints":{"allow":["GET"]}}],"collection":[{"href":"https:\/\/mymetacosmetics.com\/fr\/wp-json\/wp\/v2\/product"}],"about":[{"href":"https:\/\/mymetacosmetics.com\/fr\/wp-json\/wp\/v2\/types\/product"}],"wp:featuredmedia":[{"embeddable":true,"href":"https:\/\/mymetacosmetics.com\/fr\/wp-json\/wp\/v2\/media\/852"}],"wp:attachment":[{"href":"https:\/\/mymetacosmetics.com\/fr\/wp-json\/wp\/v2\/media?parent=737"}],"wp:term":[{"taxonomy":"product_brand","embeddable":true,"href":"https:\/\/mymetacosmetics.com\/fr\/wp-json\/wp\/v2\/product_brand?post=737"},{"taxonomy":"product_cat","embeddable":true,"href":"https:\/\/mymetacosmetics.com\/fr\/wp-json\/wp\/v2\/product_cat?post=737"},{"taxonomy":"product_tag","embeddable":true,"href":"https:\/\/mymetacosmetics.com\/fr\/wp-json\/wp\/v2\/product_tag?post=737"}],"curies":[{"name":"wp","href":"https:\/\/api.w.org\/{rel}","templated":true}]}}