{"id":882,"date":"2024-02-06T11:07:37","date_gmt":"2024-02-06T11:07:37","guid":{"rendered":"https:\/\/mymetacosmetics.com\/?post_type=product&#038;p=882"},"modified":"2024-02-06T11:31:34","modified_gmt":"2024-02-06T11:31:34","slug":"tomatone-scrub","status":"publish","type":"product","link":"https:\/\/mymetacosmetics.com\/fr\/produit\/tomatone-scrub\/","title":{"rendered":"Cr\u00e8me Gommante Tomatone 150ML"},"content":{"rendered":"<p><strong>\u00a0<\/strong><strong>Tomatone<\/strong> La cr\u00e8me gommante <b> Tomatone <\/b> est une recette 100% naturelle \u00e0 base d'extrait de tomate. Sp\u00e9cialement formul\u00e9e \u00e0 base de fines particules de tomates, cette cr\u00e8me permet une exfoliation optimale du corps d\u00e9voilant une peau plus lisse et plus lumineuse.<\/p>\n<p class=\"translation-block\"><strong>Conseils d\u2019utilisation<\/strong>: Appliquez la cr\u00e8me gommante sur le visage et le corps. Frottez d\u00e9licatement en effectuant des mouvements circulaires, ensuite rincez avec de l\u2019eau ti\u00e8de.<\/p>\n<p>&nbsp;<\/p>\n<p class=\"translation-block\"><b>Pr\u00e9cautions :<\/b>Tenir hors de port\u00e9e des enfants. En cas de contact avec les yeux, rincer abondamment.<\/p>","protected":false},"excerpt":{"rendered":"<p><strong>100% Naturelle <\/strong><\/p>\n<p><strong>Extrait de Lycop\u00e8ne <\/strong><\/p>\n<p><strong>\u00a0<\/strong><\/p>\n<p><strong>Vitamine B6, Vitamine K1, &amp; Beta Carot\u00e8ne \u00a0\u00a0\u00a0\u00a0\u00a0\u00a0\u00a0\u00a0\u00a0 <\/strong><\/p>\n<p><strong>\u00a0\u00a0\u00a0\u00a0\u00a0\u00a0\u00a0\u00a0\u00a0\u00a0\u00a0\u00a0\u00a0\u00a0\u00a0\u00a0\u00a0\u00a0\u00a0\u00a0\u00a0\u00a0\u00a0\u00a0\u00a0\u00a0\u00a0\u00a0\u00a0\u00a0\u00a0\u00a0\u00a0\u00a0\u00a0\u00a0\u00a0\u00a0\u00a0\u00a0\u00a0\u00a0\u00a0\u00a0\u00a0\u00a0\u00a0 \u00a0<\/strong><\/p>\n<p><strong>Triple-actions : Exfolie, Clarifie, Unifie <\/strong><\/p>","protected":false},"featured_media":883,"template":"","meta":[],"product_brand":[],"product_cat":[20],"product_tag":[35],"class_list":{"0":"post-882","1":"product","2":"type-product","3":"status-publish","4":"has-post-thumbnail","6":"product_cat-tomatone","7":"product_tag-cream-scrub","9":"first","10":"instock","11":"shipping-taxable","12":"product-type-simple"},"_links":{"self":[{"href":"https:\/\/mymetacosmetics.com\/fr\/wp-json\/wp\/v2\/product\/882","targetHints":{"allow":["GET"]}}],"collection":[{"href":"https:\/\/mymetacosmetics.com\/fr\/wp-json\/wp\/v2\/product"}],"about":[{"href":"https:\/\/mymetacosmetics.com\/fr\/wp-json\/wp\/v2\/types\/product"}],"wp:featuredmedia":[{"embeddable":true,"href":"https:\/\/mymetacosmetics.com\/fr\/wp-json\/wp\/v2\/media\/883"}],"wp:attachment":[{"href":"https:\/\/mymetacosmetics.com\/fr\/wp-json\/wp\/v2\/media?parent=882"}],"wp:term":[{"taxonomy":"product_brand","embeddable":true,"href":"https:\/\/mymetacosmetics.com\/fr\/wp-json\/wp\/v2\/product_brand?post=882"},{"taxonomy":"product_cat","embeddable":true,"href":"https:\/\/mymetacosmetics.com\/fr\/wp-json\/wp\/v2\/product_cat?post=882"},{"taxonomy":"product_tag","embeddable":true,"href":"https:\/\/mymetacosmetics.com\/fr\/wp-json\/wp\/v2\/product_tag?post=882"}],"curies":[{"name":"wp","href":"https:\/\/api.w.org\/{rel}","templated":true}]}}