{"id":884,"date":"2024-02-06T11:07:48","date_gmt":"2024-02-06T11:07:48","guid":{"rendered":"https:\/\/mymetacosmetics.com\/?post_type=product&#038;p=884"},"modified":"2024-02-06T13:45:19","modified_gmt":"2024-02-06T13:45:19","slug":"white-target-vasline","status":"publish","type":"product","link":"https:\/\/mymetacosmetics.com\/fr\/produit\/white-target-vasline\/","title":{"rendered":"Pommade Cicatrisante White Target 250ML"},"content":{"rendered":"<p class=\"translation-block\">La pommade cicatrisante White Target Vitamin C Boost forme un bouclier sur les tissus endommag\u00e9s de la peau afin d\u2019acc\u00e9l\u00e9rer le processus de r\u00e9paration. Avec une formule riche en vitamine C et en extrait de curcuma dor\u00e9, elle offre une nutrition intense \u00e0 la peau tout en soulageant de toute s\u00e8cheresse.<\/p>\n<p class=\"translation-block\">Usage : Appliquer matin et soir sur les r\u00e9gions \u00e0 traiter. Masser jusqu\u2019\u00e0 absorption compl\u00e8te du produit.<\/p>\n<p><strong>Effets visibles d\u00e8s la premi\u00e8re utilisation.<\/strong><\/p>\n<p class=\"translation-block\">Pr\u00e9cautions: \u00c9viter tout contact avec les yeux ou la peau irrit\u00e9e. Tenir hors de port\u00e9e des enfants. Le changement de couleur du produit n'affecte pas sa qualit\u00e9.<\/p>","protected":false},"excerpt":{"rendered":"<p>R\u00e9g\u00e9n\u00e9ration naturelle<\/p>\n<p>Cicatrisante &amp; R\u00e9paratrice<\/p>\n<p>Pr\u00e9serve la peau<\/p>\n<p><strong>\u00a0<\/strong><\/p>\n<p>Formule enrichie \u00e0 la vitamine C<\/p>\n<p>Avec du curcuma<\/p>\n<p>Tous types de peaux<\/p>","protected":false},"featured_media":885,"template":"","meta":[],"product_brand":[],"product_cat":[32],"product_tag":[36],"class_list":{"0":"post-884","1":"product","2":"type-product","3":"status-publish","4":"has-post-thumbnail","6":"product_cat-white-target","7":"product_tag-vaseline","9":"first","10":"instock","11":"shipping-taxable","12":"product-type-simple"},"_links":{"self":[{"href":"https:\/\/mymetacosmetics.com\/fr\/wp-json\/wp\/v2\/product\/884","targetHints":{"allow":["GET"]}}],"collection":[{"href":"https:\/\/mymetacosmetics.com\/fr\/wp-json\/wp\/v2\/product"}],"about":[{"href":"https:\/\/mymetacosmetics.com\/fr\/wp-json\/wp\/v2\/types\/product"}],"wp:featuredmedia":[{"embeddable":true,"href":"https:\/\/mymetacosmetics.com\/fr\/wp-json\/wp\/v2\/media\/885"}],"wp:attachment":[{"href":"https:\/\/mymetacosmetics.com\/fr\/wp-json\/wp\/v2\/media?parent=884"}],"wp:term":[{"taxonomy":"product_brand","embeddable":true,"href":"https:\/\/mymetacosmetics.com\/fr\/wp-json\/wp\/v2\/product_brand?post=884"},{"taxonomy":"product_cat","embeddable":true,"href":"https:\/\/mymetacosmetics.com\/fr\/wp-json\/wp\/v2\/product_cat?post=884"},{"taxonomy":"product_tag","embeddable":true,"href":"https:\/\/mymetacosmetics.com\/fr\/wp-json\/wp\/v2\/product_tag?post=884"}],"curies":[{"name":"wp","href":"https:\/\/api.w.org\/{rel}","templated":true}]}}