{"id":886,"date":"2024-02-06T11:07:50","date_gmt":"2024-02-06T11:07:50","guid":{"rendered":"https:\/\/mymetacosmetics.com\/?post_type=product&#038;p=886"},"modified":"2024-05-30T12:08:05","modified_gmt":"2024-05-30T12:08:05","slug":"yellow-tone-scrub","status":"publish","type":"product","link":"https:\/\/mymetacosmetics.com\/fr\/produit\/yellow-tone-scrub\/","title":{"rendered":"Cr\u00e8me Gommante YellowTone 140ML"},"content":{"rendered":"<p><strong>YellowTone<\/strong> is a cream scrub formulated with yellow chili, a unique ingredient that reduces stretch marks and prevents dry skin. It also removes impurities and dead skin cells while stimulating cell regeneration.<\/p>\n<p class=\"translation-block\"><b>Conseils d\u2019utilisation :<\/b> Appliquer une quantit\u00e9 g\u00e9n\u00e9reuse sur le corps, masser jusqu\u2019\u00e0 qu\u2019il soit absorber par la peau.<\/p>","protected":false},"excerpt":{"rendered":"<p><strong>Formule Concentr\u00e9e en Vitamine C, \u00df-Carot\u00e8ne &amp;Vitamine E <\/strong><\/p>\n<ul>\n<li><strong>Augmente la Production de Collag\u00e8ne<\/strong><\/li>\n<li><strong>Exfolie la Peau <\/strong><\/li>\n<li><strong>Raffermit la Peau <\/strong><\/li>\n<li><strong>R\u00e9duit les Vergetures <\/strong><\/li>\n<\/ul>","protected":false},"featured_media":887,"template":"","meta":[],"product_brand":[],"product_cat":[21],"product_tag":[35],"class_list":{"0":"post-886","1":"product","2":"type-product","3":"status-publish","4":"has-post-thumbnail","6":"product_cat-yellowtone","7":"product_tag-cream-scrub","9":"first","10":"instock","11":"shipping-taxable","12":"product-type-simple"},"_links":{"self":[{"href":"https:\/\/mymetacosmetics.com\/fr\/wp-json\/wp\/v2\/product\/886","targetHints":{"allow":["GET"]}}],"collection":[{"href":"https:\/\/mymetacosmetics.com\/fr\/wp-json\/wp\/v2\/product"}],"about":[{"href":"https:\/\/mymetacosmetics.com\/fr\/wp-json\/wp\/v2\/types\/product"}],"wp:featuredmedia":[{"embeddable":true,"href":"https:\/\/mymetacosmetics.com\/fr\/wp-json\/wp\/v2\/media\/887"}],"wp:attachment":[{"href":"https:\/\/mymetacosmetics.com\/fr\/wp-json\/wp\/v2\/media?parent=886"}],"wp:term":[{"taxonomy":"product_brand","embeddable":true,"href":"https:\/\/mymetacosmetics.com\/fr\/wp-json\/wp\/v2\/product_brand?post=886"},{"taxonomy":"product_cat","embeddable":true,"href":"https:\/\/mymetacosmetics.com\/fr\/wp-json\/wp\/v2\/product_cat?post=886"},{"taxonomy":"product_tag","embeddable":true,"href":"https:\/\/mymetacosmetics.com\/fr\/wp-json\/wp\/v2\/product_tag?post=886"}],"curies":[{"name":"wp","href":"https:\/\/api.w.org\/{rel}","templated":true}]}}